{"id":1654,"date":"2021-09-07T14:45:54","date_gmt":"2021-09-07T12:45:54","guid":{"rendered":"http:\/\/sitetab3.ac-reims.fr\/lp-val-more\/-wp-\/?page_id=1654"},"modified":"2025-12-19T08:38:55","modified_gmt":"2025-12-19T07:38:55","slug":"nos-formations","status":"publish","type":"page","link":"https:\/\/sitetab3.ac-reims.fr\/lp-val-more\/-wp-\/nos-formations\/","title":{"rendered":"Nos formations"},"content":{"rendered":"<hr \/>\n<p><a href=\"http:\/\/sitetab3.ac-reims.fr\/lp-val-more\/-wp-\/wp-content\/uploads\/triangle_bleu.png\"><img loading=\"lazy\" decoding=\"async\" class=\"alignnone size-full wp-image-1624\" src=\"http:\/\/sitetab3.ac-reims.fr\/lp-val-more\/-wp-\/wp-content\/uploads\/triangle_bleu.png\" alt=\"\" width=\"10\" height=\"16\" \/><\/a> <a href=\"http:\/\/sitetab3.ac-reims.fr\/lp-val-more\/-wp-\/mdl-maison-des-lyceens\/\"><strong>3\u00e9me Pr\u00e9pa-M\u00e9tiers<\/strong><\/a><\/p>\n<p><a href=\"http:\/\/sitetab3.ac-reims.fr\/lp-val-more\/-wp-\/mdl-maison-des-lyceens\/\"><img loading=\"lazy\" decoding=\"async\" class=\"alignnone wp-image-2010 size-full\" src=\"http:\/\/sitetab3.ac-reims.fr\/lp-val-more\/-wp-\/wp-content\/uploads\/3pm-1.jpg\" alt=\"\" width=\"396\" height=\"144\" srcset=\"https:\/\/sitetab3.ac-reims.fr\/lp-val-more\/-wp-\/wp-content\/uploads\/3pm-1.jpg 396w, https:\/\/sitetab3.ac-reims.fr\/lp-val-more\/-wp-\/wp-content\/uploads\/3pm-1-300x109.jpg 300w\" sizes=\"(max-width: 396px) 100vw, 396px\" \/><\/a><\/p>\n<hr \/>\n<p><a href=\"http:\/\/sitetab3.ac-reims.fr\/lp-val-more\/-wp-\/wp-content\/uploads\/triangle_bleu.png\"><img loading=\"lazy\" decoding=\"async\" class=\"alignnone size-full wp-image-1624\" src=\"http:\/\/sitetab3.ac-reims.fr\/lp-val-more\/-wp-\/wp-content\/uploads\/triangle_bleu.png\" alt=\"\" width=\"10\" height=\"16\" \/><\/a> <a href=\"http:\/\/sitetab3.ac-reims.fr\/lp-val-more\/-wp-\/cap-maintenance-des-materiels\/\"><strong>CAP<\/strong><\/a><\/p>\n<p><a href=\"http:\/\/sitetab3.ac-reims.fr\/lp-val-more\/-wp-\/cap-maintenance-des-materiels\/\"><img loading=\"lazy\" decoding=\"async\" class=\"alignnone size-full wp-image-1983\" src=\"http:\/\/sitetab3.ac-reims.fr\/lp-val-more\/-wp-\/wp-content\/uploads\/cap.jpg\" alt=\"\" width=\"393\" height=\"115\" \/><\/a><\/p>\n<hr \/>\n<p><a href=\"http:\/\/sitetab3.ac-reims.fr\/lp-val-more\/-wp-\/wp-content\/uploads\/triangle_bleu.png\"><img loading=\"lazy\" decoding=\"async\" class=\"alignnone size-full wp-image-1624\" src=\"http:\/\/sitetab3.ac-reims.fr\/lp-val-more\/-wp-\/wp-content\/uploads\/triangle_bleu.png\" alt=\"\" width=\"10\" height=\"16\" \/><\/a> <a href=\"http:\/\/sitetab3.ac-reims.fr\/lp-val-more\/-wp-\/bac-pro\/\"><strong>Bac Pro<\/strong><\/a><\/p>\n<p><a href=\"http:\/\/sitetab3.ac-reims.fr\/lp-val-more\/-wp-\/bac-pro\/\"><img loading=\"lazy\" decoding=\"async\" class=\"alignnone wp-image-2011 size-full\" src=\"http:\/\/sitetab3.ac-reims.fr\/lp-val-more\/-wp-\/wp-content\/uploads\/bac-pro-1.jpg\" alt=\"\" width=\"525\" height=\"144\" srcset=\"https:\/\/sitetab3.ac-reims.fr\/lp-val-more\/-wp-\/wp-content\/uploads\/bac-pro-1.jpg 525w, https:\/\/sitetab3.ac-reims.fr\/lp-val-more\/-wp-\/wp-content\/uploads\/bac-pro-1-300x82.jpg 300w\" sizes=\"(max-width: 525px) 100vw, 525px\" \/><\/a><\/p>\n<hr \/>\n<p><a href=\"http:\/\/sitetab3.ac-reims.fr\/lp-val-more\/-wp-\/wp-content\/uploads\/triangle_bleu.png\"><img loading=\"lazy\" decoding=\"async\" class=\"alignnone size-full wp-image-1624\" src=\"http:\/\/sitetab3.ac-reims.fr\/lp-val-more\/-wp-\/wp-content\/uploads\/triangle_bleu.png\" alt=\"\" width=\"10\" height=\"16\" \/><\/a> <a href=\"http:\/\/sitetab3.ac-reims.fr\/lp-val-more\/-wp-\/bts\/\"><strong>BTS<\/strong><\/a><\/p>\n<p><a href=\"http:\/\/sitetab3.ac-reims.fr\/lp-val-more\/-wp-\/bts\/\"><img loading=\"lazy\" decoding=\"async\" class=\"alignnone wp-image-2012 size-full\" src=\"http:\/\/sitetab3.ac-reims.fr\/lp-val-more\/-wp-\/wp-content\/uploads\/bts-1.jpg\" alt=\"\" width=\"372\" height=\"144\" srcset=\"https:\/\/sitetab3.ac-reims.fr\/lp-val-more\/-wp-\/wp-content\/uploads\/bts-1.jpg 372w, https:\/\/sitetab3.ac-reims.fr\/lp-val-more\/-wp-\/wp-content\/uploads\/bts-1-300x116.jpg 300w\" sizes=\"(max-width: 372px) 100vw, 372px\" \/><\/a><\/p>\n<p><a href=\"http:\/\/sitetab3.ac-reims.fr\/lp-val-more\/-wp-\/wp-content\/uploads\/triangle_bleu.png\"><img loading=\"lazy\" decoding=\"async\" class=\"alignnone size-full wp-image-1624\" src=\"http:\/\/sitetab3.ac-reims.fr\/lp-val-more\/-wp-\/wp-content\/uploads\/triangle_bleu.png\" alt=\"\" width=\"10\" height=\"16\" \/><\/a> <a href=\"http:\/\/sitetab3.ac-reims.fr\/lp-val-more\/-wp-\/wp-content\/uploads\/Plaquette-sur-toutes-les-formations-du-lycee-Val-More-en-2025-2026.pdf\" target=\"_blank\" rel=\"noopener\"><strong>Toutes les formations du Lyc\u00e9e Val Mor\u00e9 en 2025 2026<\/strong><\/a><\/p>\n<p><a href=\"http:\/\/sitetab3.ac-reims.fr\/lp-val-more\/-wp-\/wp-content\/uploads\/logo-formations.jpg\"><img loading=\"lazy\" decoding=\"async\" class=\"alignnone wp-image-2490\" src=\"http:\/\/sitetab3.ac-reims.fr\/lp-val-more\/-wp-\/wp-content\/uploads\/logo-formations.jpg\" alt=\"\" width=\"100\" height=\"97\" \/><\/a>Toutes les formations du Lyc\u00e9e Val Mor\u00e9 en 2025 2026<\/p>\n<p><strong><a href=\"http:\/\/sitetab3.ac-reims.fr\/lp-val-more\/-wp-\/wp-content\/uploads\/triangle_bleu.png\"><img loading=\"lazy\" decoding=\"async\" class=\"alignnone size-full wp-image-1624\" src=\"http:\/\/sitetab3.ac-reims.fr\/lp-val-more\/-wp-\/wp-content\/uploads\/triangle_bleu.png\" alt=\"\" width=\"10\" height=\"16\" \/><\/a><a href=\"http:\/\/sitetab3.ac-reims.fr\/lp-val-more\/-wp-\/wp-content\/uploads\/organigrame-formations-pour-3eme-au-lycee-Val-More-annee-2025-2026.pdf\" target=\"_blank\" rel=\"noopener\">Organigramme des Formations du Lyc\u00e9e Val Mor\u00e9 2025 2026<\/a><\/strong><\/p>\n<p><a href=\"http:\/\/sitetab3.ac-reims.fr\/lp-val-more\/-wp-\/wp-content\/uploads\/organigrame-formations-pour-3eme-au-lycee-Val-More-annee-2023-2024-le-08-01-2024.pdf\" target=\"_blank\" rel=\"noopener\"><img loading=\"lazy\" decoding=\"async\" class=\"alignnone size-full wp-image-2491\" src=\"http:\/\/sitetab3.ac-reims.fr\/lp-val-more\/-wp-\/wp-content\/uploads\/logo-organigramme.jpg\" alt=\"\" width=\"100\" height=\"86\" \/><\/a><\/p>\n<p><a href=\"http:\/\/sitetab3.ac-reims.fr\/lp-val-more\/-wp-\/wp-content\/uploads\/triangle_bleu.png\"><img loading=\"lazy\" decoding=\"async\" class=\"alignnone size-full wp-image-1624\" src=\"http:\/\/sitetab3.ac-reims.fr\/lp-val-more\/-wp-\/wp-content\/uploads\/triangle_bleu.png\" alt=\"\" width=\"10\" height=\"16\" \/><\/a> <a href=\"http:\/\/sitetab3.ac-reims.fr\/lp-val-more\/-wp-\/wp-content\/uploads\/Tarifs-INTERNAT-ET-DEMI-PENSION-2023-2024.pdf\" target=\"_blank\" rel=\"noopener\"><strong>Tarifs INTERNAT ET DEMI-PENSION 2023-2024<\/strong><\/a><\/p>\n<p><a href=\"http:\/\/sitetab3.ac-reims.fr\/lp-val-more\/-wp-\/wp-content\/uploads\/triangle_bleu.png\"><img loading=\"lazy\" decoding=\"async\" class=\"alignnone size-full wp-image-1624\" src=\"http:\/\/sitetab3.ac-reims.fr\/lp-val-more\/-wp-\/wp-content\/uploads\/triangle_bleu.png\" alt=\"\" width=\"10\" height=\"16\" \/><\/a>\u00a0<a href=\"http:\/\/cfa.gipfcip-reims.fr\/\" target=\"_blank\" rel=\"noopener\"><strong>CFA de l&rsquo;ACADEMIE de REIMS<\/strong><\/a><\/p>\n<p><a href=\"http:\/\/cfa.gipfcip-reims.fr\/\" target=\"_blank\" rel=\"noopener\"><img loading=\"lazy\" decoding=\"async\" class=\"alignnone wp-image-2521\" src=\"http:\/\/sitetab3.ac-reims.fr\/lp-val-more\/-wp-\/wp-content\/uploads\/logo-CFA1.jpg\" alt=\"\" width=\"327\" height=\"121\" srcset=\"https:\/\/sitetab3.ac-reims.fr\/lp-val-more\/-wp-\/wp-content\/uploads\/logo-CFA1.jpg 768w, https:\/\/sitetab3.ac-reims.fr\/lp-val-more\/-wp-\/wp-content\/uploads\/logo-CFA1-300x111.jpg 300w\" sizes=\"(max-width: 327px) 100vw, 327px\" \/><\/a><\/p>\n","protected":false},"excerpt":{"rendered":"<p>3\u00e9me Pr\u00e9pa-M\u00e9tiers CAP Bac Pro BTS Toutes les formations du Lyc\u00e9e Val Mor\u00e9 en 2025 2026 Toutes les formations du Lyc\u00e9e Val Mor\u00e9 en 2025 2026 Organigramme des Formations du Lyc\u00e9e Val Mor\u00e9 2025 2026 Tarifs INTERNAT ET DEMI-PENSION 2023-2024 \u00a0CFA de l&rsquo;ACADEMIE de REIMS<\/p>\n","protected":false},"author":1,"featured_media":0,"parent":0,"menu_order":0,"comment_status":"closed","ping_status":"closed","template":"","meta":{"ngg_post_thumbnail":0,"footnotes":""},"_links":{"self":[{"href":"https:\/\/sitetab3.ac-reims.fr\/lp-val-more\/-wp-\/wp-json\/wp\/v2\/pages\/1654"}],"collection":[{"href":"https:\/\/sitetab3.ac-reims.fr\/lp-val-more\/-wp-\/wp-json\/wp\/v2\/pages"}],"about":[{"href":"https:\/\/sitetab3.ac-reims.fr\/lp-val-more\/-wp-\/wp-json\/wp\/v2\/types\/page"}],"author":[{"embeddable":true,"href":"https:\/\/sitetab3.ac-reims.fr\/lp-val-more\/-wp-\/wp-json\/wp\/v2\/users\/1"}],"replies":[{"embeddable":true,"href":"https:\/\/sitetab3.ac-reims.fr\/lp-val-more\/-wp-\/wp-json\/wp\/v2\/comments?post=1654"}],"version-history":[{"count":39,"href":"https:\/\/sitetab3.ac-reims.fr\/lp-val-more\/-wp-\/wp-json\/wp\/v2\/pages\/1654\/revisions"}],"predecessor-version":[{"id":2725,"href":"https:\/\/sitetab3.ac-reims.fr\/lp-val-more\/-wp-\/wp-json\/wp\/v2\/pages\/1654\/revisions\/2725"}],"wp:attachment":[{"href":"https:\/\/sitetab3.ac-reims.fr\/lp-val-more\/-wp-\/wp-json\/wp\/v2\/media?parent=1654"}],"curies":[{"name":"wp","href":"https:\/\/api.w.org\/{rel}","templated":true}]}}