{"id":1676,"date":"2021-09-07T15:09:28","date_gmt":"2021-09-07T13:09:28","guid":{"rendered":"http:\/\/sitetab3.ac-reims.fr\/lp-val-more\/-wp-\/?page_id=1676"},"modified":"2025-12-19T08:31:39","modified_gmt":"2025-12-19T07:31:39","slug":"bts","status":"publish","type":"page","link":"https:\/\/sitetab3.ac-reims.fr\/lp-val-more\/-wp-\/bts\/","title":{"rendered":"BTS"},"content":{"rendered":"<img loading=\"lazy\" decoding=\"async\" class=\"alignnone size-full wp-image-1950\" src=\"http:\/\/sitetab3.ac-reims.fr\/lp-val-more\/-wp-\/wp-content\/uploads\/bts-tsma-1.jpg\" alt=\"\" width=\"780\" height=\"130\" srcset=\"https:\/\/sitetab3.ac-reims.fr\/lp-val-more\/-wp-\/wp-content\/uploads\/bts-tsma-1.jpg 780w, https:\/\/sitetab3.ac-reims.fr\/lp-val-more\/-wp-\/wp-content\/uploads\/bts-tsma-1-300x50.jpg 300w, https:\/\/sitetab3.ac-reims.fr\/lp-val-more\/-wp-\/wp-content\/uploads\/bts-tsma-1-768x128.jpg 768w\" sizes=\"(max-width: 780px) 100vw, 780px\" \/>\n\n<span style=\"color: #000000;\"><strong>BTS Techniques et Services en Mat\u00e9riels Agricoles<\/strong><\/span>\n<h2>Documents joints<\/h2>\n<!-- \/wp:heading -->\n\n<!-- wp:file {\"id\":107,\"href\":\"http:\/\/sitetab3.ac-reims.fr\/lp-val-more\/-wp-\/wp-content\/uploads\/Mecanicien_d_atelier_en_agroequipement.flv\",\"showDownloadButton\":false} -->\n<div class=\"wp-block-file\"><a href=\"http:\/\/sitetab3.ac-reims.fr\/lp-val-more\/-wp-\/wp-content\/uploads\/Mecanicien_d_atelier_en_agroequipement.flv\">Vid\u00e9o m\u00e9canicien d&rsquo;atelier en agroequipement<\/a><\/div>\n<!-- \/wp:file -->\n\n<!-- wp:file {\"id\":108,\"href\":\"http:\/\/sitetab3.ac-reims.fr\/lp-val-more\/-wp-\/wp-content\/uploads\/plaquette_bts_tsma_2020_2021.pdf\",\"showDownloadButton\":false} -->\n<div class=\"wp-block-file\"><a href=\"http:\/\/sitetab3.ac-reims.fr\/lp-val-more\/-wp-\/wp-content\/uploads\/plaquette-bts-TSMA-2025-2026-capacite-VBonnet.pdf\" target=\"_blank\" rel=\"noopener\">Plaquette BTS Techniques et Services en Mat\u00e9riels Agricoles 2025 2026<\/a><\/div>\n<div><\/div>\n<div><\/div>\n<div><img loading=\"lazy\" decoding=\"async\" class=\"alignnone size-full wp-image-1949\" src=\"http:\/\/sitetab3.ac-reims.fr\/lp-val-more\/-wp-\/wp-content\/uploads\/bts-mmcm-1.jpg\" alt=\"\" width=\"780\" height=\"130\" srcset=\"https:\/\/sitetab3.ac-reims.fr\/lp-val-more\/-wp-\/wp-content\/uploads\/bts-mmcm-1.jpg 780w, https:\/\/sitetab3.ac-reims.fr\/lp-val-more\/-wp-\/wp-content\/uploads\/bts-mmcm-1-300x50.jpg 300w, https:\/\/sitetab3.ac-reims.fr\/lp-val-more\/-wp-\/wp-content\/uploads\/bts-mmcm-1-768x128.jpg 768w\" sizes=\"(max-width: 780px) 100vw, 780px\" \/><\/div>\n<div><\/div>\n<div><span style=\"color: #000000;\"><strong>BTS Maintenance des Mat\u00e9riels de Construction et de Manutention<\/strong><\/span><\/div>\n<div>\n<h2>Documents joints<\/h2>\n<!-- \/wp:heading -->\n\n<!-- wp:file {\"id\":112,\"href\":\"http:\/\/sitetab3.ac-reims.fr\/lp-val-more\/-wp-\/wp-content\/uploads\/plaquette_bts_mmcm_2020_2021.pdf\",\"showDownloadButton\":false} -->\n<div class=\"wp-block-file\"><a href=\"http:\/\/sitetab3.ac-reims.fr\/lp-val-more\/-wp-\/wp-content\/uploads\/plaquette-bts-MMCM-2025-2026.pdf\" target=\"_blank\" rel=\"noopener\">Plaquette BTS Maintenance des Mat\u00e9riels de Construction et de Manutention 2025 2026<\/a><\/div>\n<\/div>","protected":false},"excerpt":{"rendered":"<p>BTS Techniques et Services en Mat\u00e9riels Agricoles Documents joints Vid\u00e9o m\u00e9canicien d&rsquo;atelier en agroequipement Plaquette BTS Techniques et Services en Mat\u00e9riels Agricoles 2025 2026 BTS Maintenance des Mat\u00e9riels de Construction et de Manutention Documents joints Plaquette BTS Maintenance des Mat\u00e9riels de Construction et de Manutention 2025 2026<\/p>\n","protected":false},"author":1,"featured_media":0,"parent":0,"menu_order":0,"comment_status":"closed","ping_status":"closed","template":"","meta":{"ngg_post_thumbnail":0,"footnotes":""},"_links":{"self":[{"href":"https:\/\/sitetab3.ac-reims.fr\/lp-val-more\/-wp-\/wp-json\/wp\/v2\/pages\/1676"}],"collection":[{"href":"https:\/\/sitetab3.ac-reims.fr\/lp-val-more\/-wp-\/wp-json\/wp\/v2\/pages"}],"about":[{"href":"https:\/\/sitetab3.ac-reims.fr\/lp-val-more\/-wp-\/wp-json\/wp\/v2\/types\/page"}],"author":[{"embeddable":true,"href":"https:\/\/sitetab3.ac-reims.fr\/lp-val-more\/-wp-\/wp-json\/wp\/v2\/users\/1"}],"replies":[{"embeddable":true,"href":"https:\/\/sitetab3.ac-reims.fr\/lp-val-more\/-wp-\/wp-json\/wp\/v2\/comments?post=1676"}],"version-history":[{"count":11,"href":"https:\/\/sitetab3.ac-reims.fr\/lp-val-more\/-wp-\/wp-json\/wp\/v2\/pages\/1676\/revisions"}],"predecessor-version":[{"id":2723,"href":"https:\/\/sitetab3.ac-reims.fr\/lp-val-more\/-wp-\/wp-json\/wp\/v2\/pages\/1676\/revisions\/2723"}],"wp:attachment":[{"href":"https:\/\/sitetab3.ac-reims.fr\/lp-val-more\/-wp-\/wp-json\/wp\/v2\/media?parent=1676"}],"curies":[{"name":"wp","href":"https:\/\/api.w.org\/{rel}","templated":true}]}}