{"id":1693,"date":"2021-09-07T15:54:16","date_gmt":"2021-09-07T13:54:16","guid":{"rendered":"http:\/\/sitetab3.ac-reims.fr\/lp-val-more\/-wp-\/?page_id=1693"},"modified":"2021-09-07T16:04:22","modified_gmt":"2021-09-07T14:04:22","slug":"orientation","status":"publish","type":"page","link":"https:\/\/sitetab3.ac-reims.fr\/lp-val-more\/-wp-\/orientation\/","title":{"rendered":"Orientation"},"content":{"rendered":"<hr>\n<p><a href=\"http:\/\/sitetab3.ac-reims.fr\/lp-val-more\/-wp-\/wp-content\/uploads\/triangle_bleu.png\"><img loading=\"lazy\" decoding=\"async\" class=\"alignnone size-full wp-image-1624\" src=\"http:\/\/sitetab3.ac-reims.fr\/lp-val-more\/-wp-\/wp-content\/uploads\/triangle_bleu.png\" alt=\"\" width=\"10\" height=\"16\"><\/a> <a href=\"http:\/\/sitetab3.ac-reims.fr\/lp-val-more\/-wp-\/apres-la-4eme\/\"><strong>Apr\u00e8s la 4\u00e8me<\/strong><\/a><\/p>\n<p>Proc\u00e9dure au cours de la classe de 4\u00e8me<\/p>\n<hr>\n<p><a href=\"http:\/\/sitetab3.ac-reims.fr\/lp-val-more\/-wp-\/wp-content\/uploads\/triangle_bleu.png\"><img loading=\"lazy\" decoding=\"async\" class=\"alignnone size-full wp-image-1624\" src=\"http:\/\/sitetab3.ac-reims.fr\/lp-val-more\/-wp-\/wp-content\/uploads\/triangle_bleu.png\" alt=\"\" width=\"10\" height=\"16\"><\/a> <a href=\"http:\/\/sitetab3.ac-reims.fr\/lp-val-more\/-wp-\/apres-la-3eme-generale-ou-3eme\/\"><strong>Apr\u00e8s la 3\u00e8me G\u00e9n\u00e9rale ou 3\u00e8me Pr\u00e9pa-M\u00e9tiers<\/strong><\/a><\/p>\n<p>Inscription au lyc\u00e9e : r\u00e9ussir son orientation post-3\u00e8me<\/p>\n<hr>\n<p><a href=\"http:\/\/sitetab3.ac-reims.fr\/lp-val-more\/-wp-\/wp-content\/uploads\/triangle_bleu.png\"><img loading=\"lazy\" decoding=\"async\" class=\"alignnone size-full wp-image-1624\" src=\"http:\/\/sitetab3.ac-reims.fr\/lp-val-more\/-wp-\/wp-content\/uploads\/triangle_bleu.png\" alt=\"\" width=\"10\" height=\"16\"><\/a> <a href=\"http:\/\/sitetab3.ac-reims.fr\/lp-val-more\/-wp-\/apres-le-bac-pro-admission-post\/\"><strong>Apr\u00e8s le Bac Pro : PARCOURSUP<\/strong><\/a><\/p>\n<p>Parcoursup est la plateforme nationale de pr\u00e9inscription en premi\u00e8re ann\u00e9e de l\u2019enseignement sup\u00e9rieur en France.<br \/>\nQui est concern\u00e9 par Parcoursup ?<br \/>\nLes lyc\u00e9ens ou \u00e9tudiants en recherche d\u2019une r\u00e9orientation (y compris sous statut apprenti) qui souhaitent s\u2019inscrire en premi\u00e8re ann\u00e9e de l\u2019enseignement sup\u00e9rieur doivent constituer un dossier et formuler des v\u0153ux sur Parcoursup.<br \/>\nNe sont pas concern\u00e9s : les \u00e9tudiants qui redoublent leur premi\u00e8re ann\u00e9e (ils doivent directement se r\u00e9-inscrire dans (&#8230;)<\/p>\n","protected":false},"excerpt":{"rendered":"<p>Apr\u00e8s la 4\u00e8me Proc\u00e9dure au cours de la classe de 4\u00e8me Apr\u00e8s la 3\u00e8me G\u00e9n\u00e9rale ou 3\u00e8me Pr\u00e9pa-M\u00e9tiers Inscription au lyc\u00e9e : r\u00e9ussir son orientation post-3\u00e8me Apr\u00e8s le Bac Pro : PARCOURSUP Parcoursup est la plateforme nationale de pr\u00e9inscription en premi\u00e8re ann\u00e9e de l\u2019enseignement sup\u00e9rieur en France. Qui est concern\u00e9 par Parcoursup ? Les lyc\u00e9ens [&hellip;]<\/p>\n","protected":false},"author":1,"featured_media":0,"parent":0,"menu_order":0,"comment_status":"closed","ping_status":"closed","template":"","meta":{"ngg_post_thumbnail":0,"footnotes":""},"_links":{"self":[{"href":"https:\/\/sitetab3.ac-reims.fr\/lp-val-more\/-wp-\/wp-json\/wp\/v2\/pages\/1693"}],"collection":[{"href":"https:\/\/sitetab3.ac-reims.fr\/lp-val-more\/-wp-\/wp-json\/wp\/v2\/pages"}],"about":[{"href":"https:\/\/sitetab3.ac-reims.fr\/lp-val-more\/-wp-\/wp-json\/wp\/v2\/types\/page"}],"author":[{"embeddable":true,"href":"https:\/\/sitetab3.ac-reims.fr\/lp-val-more\/-wp-\/wp-json\/wp\/v2\/users\/1"}],"replies":[{"embeddable":true,"href":"https:\/\/sitetab3.ac-reims.fr\/lp-val-more\/-wp-\/wp-json\/wp\/v2\/comments?post=1693"}],"version-history":[{"count":5,"href":"https:\/\/sitetab3.ac-reims.fr\/lp-val-more\/-wp-\/wp-json\/wp\/v2\/pages\/1693\/revisions"}],"predecessor-version":[{"id":1703,"href":"https:\/\/sitetab3.ac-reims.fr\/lp-val-more\/-wp-\/wp-json\/wp\/v2\/pages\/1693\/revisions\/1703"}],"wp:attachment":[{"href":"https:\/\/sitetab3.ac-reims.fr\/lp-val-more\/-wp-\/wp-json\/wp\/v2\/media?parent=1693"}],"curies":[{"name":"wp","href":"https:\/\/api.w.org\/{rel}","templated":true}]}}