{"id":1721,"date":"2021-09-14T09:00:08","date_gmt":"2021-09-14T07:00:08","guid":{"rendered":"http:\/\/sitetab3.ac-reims.fr\/lp-val-more\/-wp-\/?page_id=1721"},"modified":"2026-02-02T12:12:06","modified_gmt":"2026-02-02T11:12:06","slug":"portes-ouvertes","status":"publish","type":"page","link":"https:\/\/sitetab3.ac-reims.fr\/lp-val-more\/-wp-\/portes-ouvertes\/","title":{"rendered":"Portes ouvertes"},"content":{"rendered":"<p style=\"text-align: center;\"><a href=\"http:\/\/sitetab3.ac-reims.fr\/lp-val-more\/-wp-\/wp-content\/uploads\/JPO-2026-LP-Val-More.pdf\" target=\"_blank\" rel=\"noopener\"><img loading=\"lazy\" decoding=\"async\" class=\"alignnone size-full wp-image-2740\" src=\"http:\/\/sitetab3.ac-reims.fr\/lp-val-more\/-wp-\/wp-content\/uploads\/jpo-2026-bandeau3.jpg\" alt=\"\" width=\"666\" height=\"355\" srcset=\"https:\/\/sitetab3.ac-reims.fr\/lp-val-more\/-wp-\/wp-content\/uploads\/jpo-2026-bandeau3.jpg 666w, https:\/\/sitetab3.ac-reims.fr\/lp-val-more\/-wp-\/wp-content\/uploads\/jpo-2026-bandeau3-300x160.jpg 300w\" sizes=\"(max-width: 666px) 100vw, 666px\" \/><\/a><\/p>\n<p style=\"text-align: center;\" align=\"center\"><span style=\"font-family: arial, helvetica, sans-serif; font-size: 18pt;\"><strong>Nos portes ouvertes se d\u00e9rouleront les<\/strong><\/span><\/p>\n<p style=\"text-align: center;\" align=\"center\"><span style=\"font-family: arial, helvetica, sans-serif; font-size: 18pt;\"><strong>\u00a0&#8211; Vendredi 6 mars 2026 de 14h00 \u00e0 19h00. <\/strong><\/span><\/p>\n<p style=\"text-align: center;\"><span style=\"font-family: arial, helvetica, sans-serif; font-size: 18pt;\"><strong>&#8211; Samedi 7 mars 2026 de 9h00 \u00e0 12h30<\/strong><strong>.<\/strong><\/span><\/p>\n<p align=\"center\"><strong><span style=\"font-size: 18pt; font-family: arial, helvetica, sans-serif;\">\u00a0<\/span><\/strong><\/p>\n<p style=\"text-align: justify;\" align=\"center\"><span style=\"font-family: arial, helvetica, sans-serif; font-size: 14pt;\">\u00a0 L&rsquo;\u00e9quipe de direction, les enseignants et tout le personnel du Lyc\u00e9e des M\u00e9tiers Val Mor\u00e9 seront heureux de vous accueillir et vous faire d\u00e9couvrir l&rsquo;\u00e9tablissement et ses formations.<\/span><\/p>\n<p align=\"center\">\n<p align=\"center\"><span style=\"font-size: 10pt; font-family: arial, helvetica, sans-serif;\">Cependant si les conditions sanitaires venaient \u00e0 se d\u00e9grader, nous serions dans l&rsquo;obligation d&rsquo;annuler cet \u00e9v\u00e8nement.<\/span><\/p>\n<p align=\"center\"><span style=\"font-size: 10pt; font-family: arial, helvetica, sans-serif;\">Nous vous tiendrons inform\u00e9 au travers de nos 2 sites internet.<\/span><\/p>\n<p style=\"text-align: center;\"><span style=\"color: #3366ff; font-family: arial, helvetica, sans-serif; font-size: 14pt;\"><strong>Pour toute demande d&rsquo;information compl\u00e9mentaire, vous pouvez nous contacter au : <\/strong><strong>03 25 29 82 88<\/strong><\/span><\/p>\n","protected":false},"excerpt":{"rendered":"<p>Nos portes ouvertes se d\u00e9rouleront les \u00a0&#8211; Vendredi 6 mars 2026 de 14h00 \u00e0 19h00. &#8211; Samedi 7 mars 2026 de 9h00 \u00e0 12h30. \u00a0 \u00a0 L&rsquo;\u00e9quipe de direction, les enseignants et tout le personnel du Lyc\u00e9e des M\u00e9tiers Val Mor\u00e9 seront heureux de vous accueillir et vous faire d\u00e9couvrir l&rsquo;\u00e9tablissement et ses formations. Cependant [&hellip;]<\/p>\n","protected":false},"author":1,"featured_media":0,"parent":0,"menu_order":0,"comment_status":"closed","ping_status":"closed","template":"","meta":{"ngg_post_thumbnail":0,"footnotes":""},"_links":{"self":[{"href":"https:\/\/sitetab3.ac-reims.fr\/lp-val-more\/-wp-\/wp-json\/wp\/v2\/pages\/1721"}],"collection":[{"href":"https:\/\/sitetab3.ac-reims.fr\/lp-val-more\/-wp-\/wp-json\/wp\/v2\/pages"}],"about":[{"href":"https:\/\/sitetab3.ac-reims.fr\/lp-val-more\/-wp-\/wp-json\/wp\/v2\/types\/page"}],"author":[{"embeddable":true,"href":"https:\/\/sitetab3.ac-reims.fr\/lp-val-more\/-wp-\/wp-json\/wp\/v2\/users\/1"}],"replies":[{"embeddable":true,"href":"https:\/\/sitetab3.ac-reims.fr\/lp-val-more\/-wp-\/wp-json\/wp\/v2\/comments?post=1721"}],"version-history":[{"count":21,"href":"https:\/\/sitetab3.ac-reims.fr\/lp-val-more\/-wp-\/wp-json\/wp\/v2\/pages\/1721\/revisions"}],"predecessor-version":[{"id":2742,"href":"https:\/\/sitetab3.ac-reims.fr\/lp-val-more\/-wp-\/wp-json\/wp\/v2\/pages\/1721\/revisions\/2742"}],"wp:attachment":[{"href":"https:\/\/sitetab3.ac-reims.fr\/lp-val-more\/-wp-\/wp-json\/wp\/v2\/media?parent=1721"}],"curies":[{"name":"wp","href":"https:\/\/api.w.org\/{rel}","templated":true}]}}