{"id":1731,"date":"2021-09-14T09:35:31","date_gmt":"2021-09-14T07:35:31","guid":{"rendered":"http:\/\/sitetab3.ac-reims.fr\/lp-val-more\/-wp-\/?page_id=1731"},"modified":"2021-12-09T15:45:28","modified_gmt":"2021-12-09T14:45:28","slug":"services-de-letablissement","status":"publish","type":"page","link":"https:\/\/sitetab3.ac-reims.fr\/lp-val-more\/-wp-\/services-de-letablissement\/","title":{"rendered":"Services de l\u2019\u00c9tablissement"},"content":{"rendered":"<hr>\n<p><a href=\"http:\/\/sitetab3.ac-reims.fr\/lp-val-more\/-wp-\/wp-content\/uploads\/triangle_bleu.png\"><img loading=\"lazy\" decoding=\"async\" class=\"alignnone size-full wp-image-1624\" src=\"http:\/\/sitetab3.ac-reims.fr\/lp-val-more\/-wp-\/wp-content\/uploads\/triangle_bleu.png\" alt=\"\" width=\"10\" height=\"16\"><\/a><a href=\"http:\/\/sitetab3.ac-reims.fr\/lp-val-more\/-wp-\/fonds-social\/\"> <strong>Fonds Social<\/strong><\/a><\/p>\n<p>Demande d&rsquo;aide individuelle \u00e0 t\u00e9l\u00e9charger<\/p>\n<hr>\n<p><a href=\"http:\/\/sitetab3.ac-reims.fr\/lp-val-more\/-wp-\/wp-content\/uploads\/triangle_bleu.png\"><img loading=\"lazy\" decoding=\"async\" class=\"alignnone size-full wp-image-1624\" src=\"http:\/\/sitetab3.ac-reims.fr\/lp-val-more\/-wp-\/wp-content\/uploads\/triangle_bleu.png\" alt=\"\" width=\"10\" height=\"16\"><\/a> <a href=\"http:\/\/sitetab3.ac-reims.fr\/lp-val-more\/-wp-\/service-social248\/\"><strong>Service Social<\/strong><\/a><\/p>\n<p><a href=\"http:\/\/sitetab3.ac-reims.fr\/lp-val-more\/-wp-\/wp-content\/uploads\/arton248-90ea0.png\"><img loading=\"lazy\" decoding=\"async\" class=\"alignnone size-full wp-image-1735\" src=\"http:\/\/sitetab3.ac-reims.fr\/lp-val-more\/-wp-\/wp-content\/uploads\/arton248-90ea0.png\" alt=\"\" width=\"82\" height=\"100\"><\/a>LES MISSIONS DE L&rsquo;ASSISTANTE SOCIALE<\/p>\n<p>Mme WALCH<\/p>\n<hr>\n<p><a href=\"http:\/\/sitetab3.ac-reims.fr\/lp-val-more\/-wp-\/wp-content\/uploads\/triangle_bleu.png\"><img loading=\"lazy\" decoding=\"async\" class=\"alignnone size-full wp-image-1624\" src=\"http:\/\/sitetab3.ac-reims.fr\/lp-val-more\/-wp-\/wp-content\/uploads\/triangle_bleu.png\" alt=\"\" width=\"10\" height=\"16\"><\/a> <a href=\"http:\/\/sitetab3.ac-reims.fr\/lp-val-more\/-wp-\/infirmerie\/\"><strong>Infirmerie<\/strong><\/a><\/p>\n<p><a href=\"http:\/\/sitetab3.ac-reims.fr\/lp-val-more\/-wp-\/wp-content\/uploads\/arton249-92733.jpg\"><img loading=\"lazy\" decoding=\"async\" class=\"alignnone size-full wp-image-1736\" src=\"http:\/\/sitetab3.ac-reims.fr\/lp-val-more\/-wp-\/wp-content\/uploads\/arton249-92733.jpg\" alt=\"\" width=\"112\" height=\"100\"><\/a>HORAIRES \/ MISSIONS DE L&rsquo;INFIRMIERE<\/p>\n<p>Mme ESTEFFE<\/p>\n","protected":false},"excerpt":{"rendered":"<p>Fonds Social Demande d&rsquo;aide individuelle \u00e0 t\u00e9l\u00e9charger Service Social LES MISSIONS DE L&rsquo;ASSISTANTE SOCIALE Mme WALCH Infirmerie HORAIRES \/ MISSIONS DE L&rsquo;INFIRMIERE Mme ESTEFFE<\/p>\n","protected":false},"author":1,"featured_media":0,"parent":0,"menu_order":0,"comment_status":"closed","ping_status":"closed","template":"","meta":{"ngg_post_thumbnail":0,"footnotes":""},"_links":{"self":[{"href":"https:\/\/sitetab3.ac-reims.fr\/lp-val-more\/-wp-\/wp-json\/wp\/v2\/pages\/1731"}],"collection":[{"href":"https:\/\/sitetab3.ac-reims.fr\/lp-val-more\/-wp-\/wp-json\/wp\/v2\/pages"}],"about":[{"href":"https:\/\/sitetab3.ac-reims.fr\/lp-val-more\/-wp-\/wp-json\/wp\/v2\/types\/page"}],"author":[{"embeddable":true,"href":"https:\/\/sitetab3.ac-reims.fr\/lp-val-more\/-wp-\/wp-json\/wp\/v2\/users\/1"}],"replies":[{"embeddable":true,"href":"https:\/\/sitetab3.ac-reims.fr\/lp-val-more\/-wp-\/wp-json\/wp\/v2\/comments?post=1731"}],"version-history":[{"count":8,"href":"https:\/\/sitetab3.ac-reims.fr\/lp-val-more\/-wp-\/wp-json\/wp\/v2\/pages\/1731\/revisions"}],"predecessor-version":[{"id":1842,"href":"https:\/\/sitetab3.ac-reims.fr\/lp-val-more\/-wp-\/wp-json\/wp\/v2\/pages\/1731\/revisions\/1842"}],"wp:attachment":[{"href":"https:\/\/sitetab3.ac-reims.fr\/lp-val-more\/-wp-\/wp-json\/wp\/v2\/media?parent=1731"}],"curies":[{"name":"wp","href":"https:\/\/api.w.org\/{rel}","templated":true}]}}