{"id":1750,"date":"2021-09-14T10:33:41","date_gmt":"2021-09-14T08:33:41","guid":{"rendered":"http:\/\/sitetab3.ac-reims.fr\/lp-val-more\/-wp-\/?page_id=1750"},"modified":"2025-06-26T13:32:27","modified_gmt":"2025-06-26T11:32:27","slug":"offres-demplois","status":"publish","type":"page","link":"https:\/\/sitetab3.ac-reims.fr\/lp-val-more\/-wp-\/offres-demplois\/","title":{"rendered":"Offres d&#8217;emplois et d&rsquo;apprentissages des entreprises partenaires"},"content":{"rendered":"<p>Le lyc\u00e9e des M\u00e9tiers Val Mor\u00e9 propose un espace de communication r\u00e9serv\u00e9 \u00e0 nos entreprises partenaires pour la publication de leurs offres d\u2019apprentissage ou d\u2019emplois pour une tr\u00e8s large diffusion.<\/p>\n<p><strong>Tout renseignement compl\u00e9mentaire doit \u00eatre pris directement aupr\u00e8s de l\u2019entreprise qui est \u00e0 l\u2019initiative de l\u2019offre.<\/strong><\/p>\n<p>La direction du lyc\u00e9e des M\u00e9tiers Val Mor\u00e9<\/p>\n<p>Cliquez sur le logo de nos partenaires pour ouvrir la page de recrutement<\/p>\n<p><a href=\"https:\/\/www.agriviti.fr\/recrutement\/p19792\" target=\"_blank\" rel=\"noopener\"><img loading=\"lazy\" decoding=\"async\" class=\"alignnone size-full wp-image-2556\" src=\"http:\/\/sitetab3.ac-reims.fr\/lp-val-more\/-wp-\/wp-content\/uploads\/agriviti-1.jpg\" alt=\"\" width=\"350\" height=\"191\" srcset=\"https:\/\/sitetab3.ac-reims.fr\/lp-val-more\/-wp-\/wp-content\/uploads\/agriviti-1.jpg 350w, https:\/\/sitetab3.ac-reims.fr\/lp-val-more\/-wp-\/wp-content\/uploads\/agriviti-1-300x164.jpg 300w\" sizes=\"(max-width: 350px) 100vw, 350px\" \/><\/a><\/p>\n<p><a href=\"https:\/\/chopard.softy.pro\/offres\" target=\"_blank\" rel=\"noopener\"><img loading=\"lazy\" decoding=\"async\" class=\"alignnone wp-image-2293\" src=\"http:\/\/sitetab3.ac-reims.fr\/lp-val-more\/-wp-\/wp-content\/uploads\/groupe-chopard.jpg\" alt=\"\" width=\"350\" height=\"100\" srcset=\"https:\/\/sitetab3.ac-reims.fr\/lp-val-more\/-wp-\/wp-content\/uploads\/groupe-chopard.jpg 446w, https:\/\/sitetab3.ac-reims.fr\/lp-val-more\/-wp-\/wp-content\/uploads\/groupe-chopard-300x85.jpg 300w\" sizes=\"(max-width: 350px) 100vw, 350px\" \/><\/a><\/p>\n<p><a href=\"https:\/\/www.somtp.fr\/offres-d-emploi.html\" target=\"_blank\" rel=\"noopener\"><img loading=\"lazy\" decoding=\"async\" class=\"alignnone size-full wp-image-2559\" src=\"http:\/\/sitetab3.ac-reims.fr\/lp-val-more\/-wp-\/wp-content\/uploads\/somtp-2.jpg\" alt=\"\" width=\"350\" height=\"64\" srcset=\"https:\/\/sitetab3.ac-reims.fr\/lp-val-more\/-wp-\/wp-content\/uploads\/somtp-2.jpg 350w, https:\/\/sitetab3.ac-reims.fr\/lp-val-more\/-wp-\/wp-content\/uploads\/somtp-2-300x55.jpg 300w\" sizes=\"(max-width: 350px) 100vw, 350px\" \/><\/a><\/p>\n<p><a href=\"https:\/\/www.m-loc.fr\/offres-d-emplois\" target=\"_blank\" rel=\"noopener\"><img loading=\"lazy\" decoding=\"async\" class=\"alignnone size-full wp-image-2506\" src=\"http:\/\/sitetab3.ac-reims.fr\/lp-val-more\/-wp-\/wp-content\/uploads\/mloc-1.jpg\" alt=\"\" width=\"350\" height=\"117\" srcset=\"https:\/\/sitetab3.ac-reims.fr\/lp-val-more\/-wp-\/wp-content\/uploads\/mloc-1.jpg 350w, https:\/\/sitetab3.ac-reims.fr\/lp-val-more\/-wp-\/wp-content\/uploads\/mloc-1-300x100.jpg 300w\" sizes=\"(max-width: 350px) 100vw, 350px\" \/><\/a><\/p>\n<p><a href=\"https:\/\/pm-pro.softgarden.io\/fr\/vacancies?_ga=2.227850525.1032479430.1635402861-1728984874.1635402861\" target=\"_blank\" rel=\"noopener\"><img loading=\"lazy\" decoding=\"async\" class=\"alignnone wp-image-2307\" src=\"http:\/\/sitetab3.ac-reims.fr\/lp-val-more\/-wp-\/wp-content\/uploads\/pmpro.jpg\" alt=\"\" width=\"350\" height=\"209\" srcset=\"https:\/\/sitetab3.ac-reims.fr\/lp-val-more\/-wp-\/wp-content\/uploads\/pmpro.jpg 584w, https:\/\/sitetab3.ac-reims.fr\/lp-val-more\/-wp-\/wp-content\/uploads\/pmpro-300x179.jpg 300w\" sizes=\"(max-width: 350px) 100vw, 350px\" \/><\/a><\/p>\n<p><a href=\"https:\/\/sv-pro.softgarden.io\/fr\/vacancies\" target=\"_blank\" rel=\"noopener\"><img loading=\"lazy\" decoding=\"async\" class=\"alignnone wp-image-2305\" src=\"http:\/\/sitetab3.ac-reims.fr\/lp-val-more\/-wp-\/wp-content\/uploads\/svpro.jpg\" alt=\"\" width=\"350\" height=\"87\" srcset=\"https:\/\/sitetab3.ac-reims.fr\/lp-val-more\/-wp-\/wp-content\/uploads\/svpro.jpg 517w, https:\/\/sitetab3.ac-reims.fr\/lp-val-more\/-wp-\/wp-content\/uploads\/svpro-300x75.jpg 300w\" sizes=\"(max-width: 350px) 100vw, 350px\" \/><\/a><\/p>\n<p><a href=\"https:\/\/www.ouvrard.com\/emploi-fr-fr.htm\" target=\"_blank\" rel=\"noopener\"> <img loading=\"lazy\" decoding=\"async\" class=\"alignnone wp-image-2303\" src=\"http:\/\/sitetab3.ac-reims.fr\/lp-val-more\/-wp-\/wp-content\/uploads\/nodimat.jpg\" alt=\"\" width=\"350\" height=\"103\" srcset=\"https:\/\/sitetab3.ac-reims.fr\/lp-val-more\/-wp-\/wp-content\/uploads\/nodimat.jpg 812w, https:\/\/sitetab3.ac-reims.fr\/lp-val-more\/-wp-\/wp-content\/uploads\/nodimat-300x89.jpg 300w, https:\/\/sitetab3.ac-reims.fr\/lp-val-more\/-wp-\/wp-content\/uploads\/nodimat-768x227.jpg 768w\" sizes=\"(max-width: 350px) 100vw, 350px\" \/><\/a><\/p>\n<p><a href=\"https:\/\/www.siam-sa.fr\/offres\" target=\"_blank\" rel=\"noopener\"><img loading=\"lazy\" decoding=\"async\" class=\"alignnone wp-image-2312\" src=\"http:\/\/sitetab3.ac-reims.fr\/lp-val-more\/-wp-\/wp-content\/uploads\/SIAM.jpg\" alt=\"\" width=\"350\" height=\"159\" srcset=\"https:\/\/sitetab3.ac-reims.fr\/lp-val-more\/-wp-\/wp-content\/uploads\/SIAM.jpg 920w, https:\/\/sitetab3.ac-reims.fr\/lp-val-more\/-wp-\/wp-content\/uploads\/SIAM-300x136.jpg 300w, https:\/\/sitetab3.ac-reims.fr\/lp-val-more\/-wp-\/wp-content\/uploads\/SIAM-768x349.jpg 768w\" sizes=\"(max-width: 350px) 100vw, 350px\" \/> <\/a><\/p>\n<p><a href=\"https:\/\/www.hydrogeotechnique.com\/contact\/emplois-stages\/\" target=\"_blank\" rel=\"noopener\"><img loading=\"lazy\" decoding=\"async\" class=\"alignnone wp-image-2311\" src=\"http:\/\/sitetab3.ac-reims.fr\/lp-val-more\/-wp-\/wp-content\/uploads\/HYDROGEOTECHNIQUE.jpg\" alt=\"\" width=\"350\" height=\"124\" srcset=\"https:\/\/sitetab3.ac-reims.fr\/lp-val-more\/-wp-\/wp-content\/uploads\/HYDROGEOTECHNIQUE.jpg 1083w, https:\/\/sitetab3.ac-reims.fr\/lp-val-more\/-wp-\/wp-content\/uploads\/HYDROGEOTECHNIQUE-300x106.jpg 300w, https:\/\/sitetab3.ac-reims.fr\/lp-val-more\/-wp-\/wp-content\/uploads\/HYDROGEOTECHNIQUE-1024x362.jpg 1024w, https:\/\/sitetab3.ac-reims.fr\/lp-val-more\/-wp-\/wp-content\/uploads\/HYDROGEOTECHNIQUE-768x272.jpg 768w\" sizes=\"(max-width: 350px) 100vw, 350px\" \/><\/a><\/p>\n<p><a href=\"https:\/\/jobs.eiffage.com\/toutes-nos-offres\" target=\"_blank\" rel=\"noopener\"><img loading=\"lazy\" decoding=\"async\" class=\"alignnone wp-image-2315\" src=\"http:\/\/sitetab3.ac-reims.fr\/lp-val-more\/-wp-\/wp-content\/uploads\/eiffage-forezienne.jpg\" alt=\"\" width=\"350\" height=\"117\" srcset=\"https:\/\/sitetab3.ac-reims.fr\/lp-val-more\/-wp-\/wp-content\/uploads\/eiffage-forezienne.jpg 1421w, https:\/\/sitetab3.ac-reims.fr\/lp-val-more\/-wp-\/wp-content\/uploads\/eiffage-forezienne-300x100.jpg 300w, https:\/\/sitetab3.ac-reims.fr\/lp-val-more\/-wp-\/wp-content\/uploads\/eiffage-forezienne-1024x342.jpg 1024w, https:\/\/sitetab3.ac-reims.fr\/lp-val-more\/-wp-\/wp-content\/uploads\/eiffage-forezienne-768x257.jpg 768w\" sizes=\"(max-width: 350px) 100vw, 350px\" \/><\/a><a href=\"http:\/\/sitetab3.ac-reims.fr\/lp-val-more\/-wp-\/wp-content\/uploads\/Offre-dalternance-Mecanicienne-dengins-de-chantier.pdf\"><img loading=\"lazy\" decoding=\"async\" class=\"alignnone wp-image-2321\" src=\"http:\/\/sitetab3.ac-reims.fr\/lp-val-more\/-wp-\/wp-content\/uploads\/offre-alternance-eiffage.jpg\" alt=\"\" width=\"300\" height=\"99\" srcset=\"https:\/\/sitetab3.ac-reims.fr\/lp-val-more\/-wp-\/wp-content\/uploads\/offre-alternance-eiffage.jpg 609w, https:\/\/sitetab3.ac-reims.fr\/lp-val-more\/-wp-\/wp-content\/uploads\/offre-alternance-eiffage-300x99.jpg 300w\" sizes=\"(max-width: 300px) 100vw, 300px\" \/><\/a><\/p>\n<p><a href=\"https:\/\/haute-marne.fr\/les-demarches-en-ligne\/candidater\/offres-demploi\/\" target=\"_blank\" rel=\"noopener\"><img loading=\"lazy\" decoding=\"async\" class=\"alignnone wp-image-2335\" src=\"http:\/\/sitetab3.ac-reims.fr\/lp-val-more\/-wp-\/wp-content\/uploads\/hate-marne.jpg\" alt=\"\" width=\"350\" height=\"143\" srcset=\"https:\/\/sitetab3.ac-reims.fr\/lp-val-more\/-wp-\/wp-content\/uploads\/hate-marne.jpg 354w, https:\/\/sitetab3.ac-reims.fr\/lp-val-more\/-wp-\/wp-content\/uploads\/hate-marne-300x123.jpg 300w\" sizes=\"(max-width: 350px) 100vw, 350px\" \/><\/a><a href=\"http:\/\/sitetab3.ac-reims.fr\/lp-val-more\/-wp-\/wp-content\/uploads\/Offre-demploi-mecanicien-CTD.pdf\" target=\"_blank\" rel=\"noopener\"><img loading=\"lazy\" decoding=\"async\" class=\"alignnone wp-image-2442\" src=\"http:\/\/sitetab3.ac-reims.fr\/lp-val-more\/-wp-\/wp-content\/uploads\/offre-haute-marne.jpg\" alt=\"\" width=\"300\" height=\"99\" srcset=\"https:\/\/sitetab3.ac-reims.fr\/lp-val-more\/-wp-\/wp-content\/uploads\/offre-haute-marne.jpg 609w, https:\/\/sitetab3.ac-reims.fr\/lp-val-more\/-wp-\/wp-content\/uploads\/offre-haute-marne-300x99.jpg 300w\" sizes=\"(max-width: 300px) 100vw, 300px\" \/><\/a><\/p>\n<p><a href=\"http:\/\/sitetab3.ac-reims.fr\/lp-val-more\/-wp-\/wp-content\/uploads\/offres-machdeal.pdf\"><img loading=\"lazy\" decoding=\"async\" class=\"alignnone size-full wp-image-2343\" src=\"http:\/\/sitetab3.ac-reims.fr\/lp-val-more\/-wp-\/wp-content\/uploads\/machdeal-2.jpg\" alt=\"\" width=\"350\" height=\"204\" srcset=\"https:\/\/sitetab3.ac-reims.fr\/lp-val-more\/-wp-\/wp-content\/uploads\/machdeal-2.jpg 350w, https:\/\/sitetab3.ac-reims.fr\/lp-val-more\/-wp-\/wp-content\/uploads\/machdeal-2-300x175.jpg 300w\" sizes=\"(max-width: 350px) 100vw, 350px\" \/><\/a><\/p>\n<p><a href=\"https:\/\/www.stti.fr\/nous-rejoindre\/\" target=\"_blank\" rel=\"noopener\"><img loading=\"lazy\" decoding=\"async\" class=\"alignnone size-full wp-image-2347\" src=\"http:\/\/sitetab3.ac-reims.fr\/lp-val-more\/-wp-\/wp-content\/uploads\/STTI.jpg\" alt=\"\" width=\"350\" height=\"147\" srcset=\"https:\/\/sitetab3.ac-reims.fr\/lp-val-more\/-wp-\/wp-content\/uploads\/STTI.jpg 350w, https:\/\/sitetab3.ac-reims.fr\/lp-val-more\/-wp-\/wp-content\/uploads\/STTI-300x126.jpg 300w\" sizes=\"(max-width: 350px) 100vw, 350px\" \/><\/a><\/p>\n<p><a href=\"https:\/\/groupedervaletroge.fr\/emploi-agricole-aube\/\" target=\"_blank\" rel=\"noopener\"><img loading=\"lazy\" decoding=\"async\" class=\"alignnone size-full wp-image-2368\" src=\"http:\/\/sitetab3.ac-reims.fr\/lp-val-more\/-wp-\/wp-content\/uploads\/derval-et-roge.jpg\" alt=\"\" width=\"350\" height=\"208\" srcset=\"https:\/\/sitetab3.ac-reims.fr\/lp-val-more\/-wp-\/wp-content\/uploads\/derval-et-roge.jpg 350w, https:\/\/sitetab3.ac-reims.fr\/lp-val-more\/-wp-\/wp-content\/uploads\/derval-et-roge-300x178.jpg 300w\" sizes=\"(max-width: 350px) 100vw, 350px\" \/><\/a><\/p>\n<p><a href=\"https:\/\/mediaco-groupe.com\/fr\/mediaco-recrute\/\" target=\"_blank\" rel=\"noopener\"><img loading=\"lazy\" decoding=\"async\" class=\"alignnone size-full wp-image-2370\" src=\"http:\/\/sitetab3.ac-reims.fr\/lp-val-more\/-wp-\/wp-content\/uploads\/mediaco.jpg\" alt=\"\" width=\"350\" height=\"51\" srcset=\"https:\/\/sitetab3.ac-reims.fr\/lp-val-more\/-wp-\/wp-content\/uploads\/mediaco.jpg 350w, https:\/\/sitetab3.ac-reims.fr\/lp-val-more\/-wp-\/wp-content\/uploads\/mediaco-300x44.jpg 300w\" sizes=\"(max-width: 350px) 100vw, 350px\" \/><\/a><\/p>\n<p><a href=\"http:\/\/sitetab3.ac-reims.fr\/lp-val-more\/-wp-\/wp-content\/uploads\/Annonce-Mecanicien-Poids-Lourd.pdf\" target=\"_blank\" rel=\"noopener\"><img loading=\"lazy\" decoding=\"async\" class=\"alignnone size-full wp-image-2374\" src=\"http:\/\/sitetab3.ac-reims.fr\/lp-val-more\/-wp-\/wp-content\/uploads\/transport-vingeanne.jpg\" alt=\"\" width=\"350\" height=\"133\" srcset=\"https:\/\/sitetab3.ac-reims.fr\/lp-val-more\/-wp-\/wp-content\/uploads\/transport-vingeanne.jpg 350w, https:\/\/sitetab3.ac-reims.fr\/lp-val-more\/-wp-\/wp-content\/uploads\/transport-vingeanne-300x114.jpg 300w\" sizes=\"(max-width: 350px) 100vw, 350px\" \/><\/a><\/p>\n<p><a href=\"https:\/\/www.cichy-manutention.fr\/fr\/59270-recrutement\" target=\"_blank\" rel=\"noopener\"><img loading=\"lazy\" decoding=\"async\" class=\"alignnone size-full wp-image-2378\" src=\"http:\/\/sitetab3.ac-reims.fr\/lp-val-more\/-wp-\/wp-content\/uploads\/cichy.jpg\" alt=\"\" width=\"350\" height=\"146\" srcset=\"https:\/\/sitetab3.ac-reims.fr\/lp-val-more\/-wp-\/wp-content\/uploads\/cichy.jpg 350w, https:\/\/sitetab3.ac-reims.fr\/lp-val-more\/-wp-\/wp-content\/uploads\/cichy-300x125.jpg 300w\" sizes=\"(max-width: 350px) 100vw, 350px\" \/><\/a><\/p>\n<p><a href=\"https:\/\/www.transdev.com\/fr\/nous-rejoindre\/\" target=\"_blank\" rel=\"noopener\"><img loading=\"lazy\" decoding=\"async\" class=\"alignnone size-full wp-image-2381\" src=\"http:\/\/sitetab3.ac-reims.fr\/lp-val-more\/-wp-\/wp-content\/uploads\/transdev.jpg\" alt=\"\" width=\"350\" height=\"110\" srcset=\"https:\/\/sitetab3.ac-reims.fr\/lp-val-more\/-wp-\/wp-content\/uploads\/transdev.jpg 350w, https:\/\/sitetab3.ac-reims.fr\/lp-val-more\/-wp-\/wp-content\/uploads\/transdev-300x94.jpg 300w\" sizes=\"(max-width: 350px) 100vw, 350px\" \/><\/a><\/p>\n<p><a href=\"http:\/\/sitetab3.ac-reims.fr\/lp-val-more\/-wp-\/wp-content\/uploads\/fiche-recrutement-groupe-bernard.pdf\" target=\"_blank\" rel=\"noopener\"><img loading=\"lazy\" decoding=\"async\" class=\"alignnone size-full wp-image-2384\" src=\"http:\/\/sitetab3.ac-reims.fr\/lp-val-more\/-wp-\/wp-content\/uploads\/bernard-trucks.jpg\" alt=\"\" width=\"350\" height=\"142\" srcset=\"https:\/\/sitetab3.ac-reims.fr\/lp-val-more\/-wp-\/wp-content\/uploads\/bernard-trucks.jpg 350w, https:\/\/sitetab3.ac-reims.fr\/lp-val-more\/-wp-\/wp-content\/uploads\/bernard-trucks-300x122.jpg 300w\" sizes=\"(max-width: 350px) 100vw, 350px\" \/><\/a><\/p>\n<p><a href=\"https:\/\/www.noremat.jobs\/nos-offres-demploi\/\" target=\"_blank\" rel=\"noopener\"><img loading=\"lazy\" decoding=\"async\" class=\"alignnone wp-image-2498\" src=\"http:\/\/sitetab3.ac-reims.fr\/lp-val-more\/-wp-\/wp-content\/uploads\/noremat-300x57.jpg\" alt=\"\" width=\"350\" height=\"66\" srcset=\"https:\/\/sitetab3.ac-reims.fr\/lp-val-more\/-wp-\/wp-content\/uploads\/noremat-300x57.jpg 300w, https:\/\/sitetab3.ac-reims.fr\/lp-val-more\/-wp-\/wp-content\/uploads\/noremat-768x146.jpg 768w, https:\/\/sitetab3.ac-reims.fr\/lp-val-more\/-wp-\/wp-content\/uploads\/noremat.jpg 906w\" sizes=\"(max-width: 350px) 100vw, 350px\" \/><\/a><\/p>\n<p><a href=\"http:\/\/sitetab3.ac-reims.fr\/lp-val-more\/-wp-\/wp-content\/uploads\/Offre-demploi-Picard-Freres-Marsangis-16.03.2024.pdf\" target=\"_blank\" rel=\"noopener\"><img loading=\"lazy\" decoding=\"async\" class=\"alignnone size-full wp-image-2502\" src=\"http:\/\/sitetab3.ac-reims.fr\/lp-val-more\/-wp-\/wp-content\/uploads\/PICARD-FRERES.jpg\" alt=\"\" width=\"350\" height=\"93\" srcset=\"https:\/\/sitetab3.ac-reims.fr\/lp-val-more\/-wp-\/wp-content\/uploads\/PICARD-FRERES.jpg 350w, https:\/\/sitetab3.ac-reims.fr\/lp-val-more\/-wp-\/wp-content\/uploads\/PICARD-FRERES-300x80.jpg 300w\" sizes=\"(max-width: 350px) 100vw, 350px\" \/><\/a><\/p>\n<p><a href=\"https:\/\/www.gldc.fr\/recrutement\/\" target=\"_blank\" rel=\"noopener\"><img loading=\"lazy\" decoding=\"async\" class=\"alignnone size-full wp-image-2526\" src=\"http:\/\/sitetab3.ac-reims.fr\/lp-val-more\/-wp-\/wp-content\/uploads\/GLDC.jpg\" alt=\"\" width=\"350\" height=\"94\" srcset=\"https:\/\/sitetab3.ac-reims.fr\/lp-val-more\/-wp-\/wp-content\/uploads\/GLDC.jpg 350w, https:\/\/sitetab3.ac-reims.fr\/lp-val-more\/-wp-\/wp-content\/uploads\/GLDC-300x81.jpg 300w\" sizes=\"(max-width: 350px) 100vw, 350px\" \/><\/a><\/p>\n<p><a href=\"https:\/\/fr.indeed.com\/job\/apprentie-technicienne-hf-fb7861f2fb763b8c\" target=\"_blank\" rel=\"noopener\"><img loading=\"lazy\" decoding=\"async\" class=\"alignnone wp-image-2530 size-full\" src=\"http:\/\/sitetab3.ac-reims.fr\/lp-val-more\/-wp-\/wp-content\/uploads\/richard-manutention-lavau.jpg\" alt=\"\" width=\"350\" height=\"183\" srcset=\"https:\/\/sitetab3.ac-reims.fr\/lp-val-more\/-wp-\/wp-content\/uploads\/richard-manutention-lavau.jpg 350w, https:\/\/sitetab3.ac-reims.fr\/lp-val-more\/-wp-\/wp-content\/uploads\/richard-manutention-lavau-300x157.jpg 300w\" sizes=\"(max-width: 350px) 100vw, 350px\" \/><\/a><\/p>\n<p><a href=\"https:\/\/fr.indeed.com\/job\/apprentie-technicienne-hf-646234469e1957a0\" target=\"_blank\" rel=\"noopener\"><img loading=\"lazy\" decoding=\"async\" class=\"alignnone wp-image-2529 size-full\" src=\"http:\/\/sitetab3.ac-reims.fr\/lp-val-more\/-wp-\/wp-content\/uploads\/richard-manutention-dijon.jpg\" alt=\"\" width=\"350\" height=\"183\" srcset=\"https:\/\/sitetab3.ac-reims.fr\/lp-val-more\/-wp-\/wp-content\/uploads\/richard-manutention-dijon.jpg 350w, https:\/\/sitetab3.ac-reims.fr\/lp-val-more\/-wp-\/wp-content\/uploads\/richard-manutention-dijon-300x157.jpg 300w\" sizes=\"(max-width: 350px) 100vw, 350px\" \/><\/a><\/p>\n<p><a href=\"https:\/\/fr.indeed.com\/job\/apprentie-technicienne-hf-a4d53ce653acce3a\" target=\"_blank\" rel=\"noopener\"><img loading=\"lazy\" decoding=\"async\" class=\"alignnone wp-image-2528 size-full\" src=\"http:\/\/sitetab3.ac-reims.fr\/lp-val-more\/-wp-\/wp-content\/uploads\/richard-manutention-chaumont.jpg\" alt=\"\" width=\"350\" height=\"183\" srcset=\"https:\/\/sitetab3.ac-reims.fr\/lp-val-more\/-wp-\/wp-content\/uploads\/richard-manutention-chaumont.jpg 350w, https:\/\/sitetab3.ac-reims.fr\/lp-val-more\/-wp-\/wp-content\/uploads\/richard-manutention-chaumont-300x157.jpg 300w\" sizes=\"(max-width: 350px) 100vw, 350px\" \/><\/a><\/p>\n<p><a href=\"https:\/\/www.groupedavid.fr\/recrutement.htm\" target=\"_blank\" rel=\"noopener\"><img loading=\"lazy\" decoding=\"async\" class=\"alignnone size-full wp-image-2540\" src=\"http:\/\/sitetab3.ac-reims.fr\/lp-val-more\/-wp-\/wp-content\/uploads\/david-group-1.jpg\" alt=\"\" width=\"350\" height=\"124\" srcset=\"https:\/\/sitetab3.ac-reims.fr\/lp-val-more\/-wp-\/wp-content\/uploads\/david-group-1.jpg 350w, https:\/\/sitetab3.ac-reims.fr\/lp-val-more\/-wp-\/wp-content\/uploads\/david-group-1-300x106.jpg 300w\" sizes=\"(max-width: 350px) 100vw, 350px\" \/><\/a><\/p>\n<p><a href=\"https:\/\/alabeurthe.fr\/recrutement-magasin-alabeurthe\/\" target=\"_blank\" rel=\"noopener\"><img loading=\"lazy\" decoding=\"async\" class=\"alignnone size-full wp-image-2543\" src=\"http:\/\/sitetab3.ac-reims.fr\/lp-val-more\/-wp-\/wp-content\/uploads\/alabeurthe.jpg\" alt=\"\" width=\"350\" height=\"232\" srcset=\"https:\/\/sitetab3.ac-reims.fr\/lp-val-more\/-wp-\/wp-content\/uploads\/alabeurthe.jpg 350w, https:\/\/sitetab3.ac-reims.fr\/lp-val-more\/-wp-\/wp-content\/uploads\/alabeurthe-300x199.jpg 300w\" sizes=\"(max-width: 350px) 100vw, 350px\" \/><\/a><\/p>\n<p><a href=\"http:\/\/sitetab3.ac-reims.fr\/lp-val-more\/-wp-\/wp-content\/uploads\/offre-demploi-apprenti-mecanicien-SAS-ANDRE-BOUREAU.pdf\" target=\"_blank\" rel=\"noopener\"><img loading=\"lazy\" decoding=\"async\" class=\"alignnone size-full wp-image-2544\" src=\"http:\/\/sitetab3.ac-reims.fr\/lp-val-more\/-wp-\/wp-content\/uploads\/sas-andre-boureau.jpg\" alt=\"\" width=\"350\" height=\"103\" srcset=\"https:\/\/sitetab3.ac-reims.fr\/lp-val-more\/-wp-\/wp-content\/uploads\/sas-andre-boureau.jpg 350w, https:\/\/sitetab3.ac-reims.fr\/lp-val-more\/-wp-\/wp-content\/uploads\/sas-andre-boureau-300x88.jpg 300w\" sizes=\"(max-width: 350px) 100vw, 350px\" \/><\/a><\/p>\n<p><a href=\"https:\/\/recrutement.kiloutou.fr\/offres-emploi\/\" target=\"_blank\" rel=\"noopener\"><img loading=\"lazy\" decoding=\"async\" class=\"alignnone size-full wp-image-2548\" src=\"http:\/\/sitetab3.ac-reims.fr\/lp-val-more\/-wp-\/wp-content\/uploads\/kiloutou.jpg\" alt=\"\" width=\"350\" height=\"53\" srcset=\"https:\/\/sitetab3.ac-reims.fr\/lp-val-more\/-wp-\/wp-content\/uploads\/kiloutou.jpg 350w, https:\/\/sitetab3.ac-reims.fr\/lp-val-more\/-wp-\/wp-content\/uploads\/kiloutou-300x45.jpg 300w\" sizes=\"(max-width: 350px) 100vw, 350px\" \/><\/a><\/p>\n<p><a href=\"https:\/\/www.loxamtalent.com\/postuler\/\" target=\"_blank\" rel=\"noopener\"><img loading=\"lazy\" decoding=\"async\" class=\"alignnone size-full wp-image-2553\" src=\"http:\/\/sitetab3.ac-reims.fr\/lp-val-more\/-wp-\/wp-content\/uploads\/loxam.jpg\" alt=\"\" width=\"350\" height=\"58\" srcset=\"https:\/\/sitetab3.ac-reims.fr\/lp-val-more\/-wp-\/wp-content\/uploads\/loxam.jpg 350w, https:\/\/sitetab3.ac-reims.fr\/lp-val-more\/-wp-\/wp-content\/uploads\/loxam-300x50.jpg 300w\" sizes=\"(max-width: 350px) 100vw, 350px\" \/><\/a><\/p>\n<p><a href=\"https:\/\/toyota-forklifts.fr\/carriere\/?country=79\" target=\"_blank\" rel=\"noopener\"><img loading=\"lazy\" decoding=\"async\" class=\"alignnone size-full wp-image-2645\" src=\"http:\/\/sitetab3.ac-reims.fr\/lp-val-more\/-wp-\/wp-content\/uploads\/TOYOTA.jpg\" alt=\"\" width=\"350\" height=\"90\" srcset=\"https:\/\/sitetab3.ac-reims.fr\/lp-val-more\/-wp-\/wp-content\/uploads\/TOYOTA.jpg 350w, https:\/\/sitetab3.ac-reims.fr\/lp-val-more\/-wp-\/wp-content\/uploads\/TOYOTA-300x77.jpg 300w\" sizes=\"(max-width: 350px) 100vw, 350px\" \/><\/a><\/p>\n<p><a href=\"http:\/\/sitetab3.ac-reims.fr\/lp-val-more\/-wp-\/wp-content\/uploads\/Offre-emploi-Mecanicien-PL.pdf\" target=\"_blank\" rel=\"noopener\"><img loading=\"lazy\" decoding=\"async\" class=\"alignnone size-full wp-image-2648\" src=\"http:\/\/sitetab3.ac-reims.fr\/lp-val-more\/-wp-\/wp-content\/uploads\/aube-en-champagne.jpg\" alt=\"\" width=\"350\" height=\"167\" srcset=\"https:\/\/sitetab3.ac-reims.fr\/lp-val-more\/-wp-\/wp-content\/uploads\/aube-en-champagne.jpg 350w, https:\/\/sitetab3.ac-reims.fr\/lp-val-more\/-wp-\/wp-content\/uploads\/aube-en-champagne-300x143.jpg 300w\" sizes=\"(max-width: 350px) 100vw, 350px\" \/><\/a><\/p>\n<p><a href=\"https:\/\/www.facebook.com\/share\/v\/16gD7TAYX3\/\" target=\"_blank\" rel=\"noopener\"><img loading=\"lazy\" decoding=\"async\" class=\"alignnone size-full wp-image-2653\" src=\"http:\/\/sitetab3.ac-reims.fr\/lp-val-more\/-wp-\/wp-content\/uploads\/presta-mecanique.jpg\" alt=\"\" width=\"350\" height=\"205\" srcset=\"https:\/\/sitetab3.ac-reims.fr\/lp-val-more\/-wp-\/wp-content\/uploads\/presta-mecanique.jpg 350w, https:\/\/sitetab3.ac-reims.fr\/lp-val-more\/-wp-\/wp-content\/uploads\/presta-mecanique-300x176.jpg 300w\" sizes=\"(max-width: 350px) 100vw, 350px\" \/><\/a><\/p>\n<p><a href=\"https:\/\/join.com\/companies\/soloc\/14035381?utm_medium=social_sharing&amp;utm_source=copy_link\" target=\"_blank\" rel=\"noopener\"><img loading=\"lazy\" decoding=\"async\" class=\"alignnone size-full wp-image-2656\" src=\"http:\/\/sitetab3.ac-reims.fr\/lp-val-more\/-wp-\/wp-content\/uploads\/soloc.jpg\" alt=\"\" width=\"350\" height=\"224\" srcset=\"https:\/\/sitetab3.ac-reims.fr\/lp-val-more\/-wp-\/wp-content\/uploads\/soloc.jpg 350w, https:\/\/sitetab3.ac-reims.fr\/lp-val-more\/-wp-\/wp-content\/uploads\/soloc-300x192.jpg 300w\" sizes=\"(max-width: 350px) 100vw, 350px\" \/><\/a><\/p>\n<p><a href=\"http:\/\/sitetab3.ac-reims.fr\/lp-val-more\/-wp-\/wp-content\/uploads\/TERELIAN-Offre-Mecanicien-Metz.pdf\" target=\"_blank\" rel=\"noopener\"><img loading=\"lazy\" decoding=\"async\" class=\"alignnone size-full wp-image-2660\" src=\"http:\/\/sitetab3.ac-reims.fr\/lp-val-more\/-wp-\/wp-content\/uploads\/terelian.jpg\" alt=\"\" width=\"350\" height=\"91\" srcset=\"https:\/\/sitetab3.ac-reims.fr\/lp-val-more\/-wp-\/wp-content\/uploads\/terelian.jpg 350w, https:\/\/sitetab3.ac-reims.fr\/lp-val-more\/-wp-\/wp-content\/uploads\/terelian-300x78.jpg 300w\" sizes=\"(max-width: 350px) 100vw, 350px\" \/><\/a><\/p>\n<p><a href=\"http:\/\/sitetab3.ac-reims.fr\/lp-val-more\/-wp-\/wp-content\/uploads\/ALT-Mecanicien-atelier-Tigery-EUROFOR-1.pdf\" target=\"_blank\" rel=\"noopener\"><img loading=\"lazy\" decoding=\"async\" class=\"alignnone size-full wp-image-2681\" src=\"http:\/\/sitetab3.ac-reims.fr\/lp-val-more\/-wp-\/wp-content\/uploads\/EUROFOR.jpg\" alt=\"\" width=\"350\" height=\"103\" srcset=\"https:\/\/sitetab3.ac-reims.fr\/lp-val-more\/-wp-\/wp-content\/uploads\/EUROFOR.jpg 350w, https:\/\/sitetab3.ac-reims.fr\/lp-val-more\/-wp-\/wp-content\/uploads\/EUROFOR-300x88.jpg 300w\" sizes=\"(max-width: 350px) 100vw, 350px\" \/><\/a><\/p>\n\n\n<p><\/p>\n","protected":false},"excerpt":{"rendered":"<p>Le lyc\u00e9e des M\u00e9tiers Val Mor\u00e9 propose un espace de communication r\u00e9serv\u00e9 \u00e0 nos entreprises partenaires pour la publication de leurs offres d\u2019apprentissage ou d\u2019emplois pour une tr\u00e8s large diffusion. Tout renseignement compl\u00e9mentaire doit \u00eatre pris directement aupr\u00e8s de l\u2019entreprise qui est \u00e0 l\u2019initiative de l\u2019offre. La direction du lyc\u00e9e des M\u00e9tiers Val Mor\u00e9 Cliquez [&hellip;]<\/p>\n","protected":false},"author":1,"featured_media":0,"parent":0,"menu_order":0,"comment_status":"closed","ping_status":"closed","template":"","meta":{"ngg_post_thumbnail":0,"footnotes":""},"_links":{"self":[{"href":"https:\/\/sitetab3.ac-reims.fr\/lp-val-more\/-wp-\/wp-json\/wp\/v2\/pages\/1750"}],"collection":[{"href":"https:\/\/sitetab3.ac-reims.fr\/lp-val-more\/-wp-\/wp-json\/wp\/v2\/pages"}],"about":[{"href":"https:\/\/sitetab3.ac-reims.fr\/lp-val-more\/-wp-\/wp-json\/wp\/v2\/types\/page"}],"author":[{"embeddable":true,"href":"https:\/\/sitetab3.ac-reims.fr\/lp-val-more\/-wp-\/wp-json\/wp\/v2\/users\/1"}],"replies":[{"embeddable":true,"href":"https:\/\/sitetab3.ac-reims.fr\/lp-val-more\/-wp-\/wp-json\/wp\/v2\/comments?post=1750"}],"version-history":[{"count":55,"href":"https:\/\/sitetab3.ac-reims.fr\/lp-val-more\/-wp-\/wp-json\/wp\/v2\/pages\/1750\/revisions"}],"predecessor-version":[{"id":2685,"href":"https:\/\/sitetab3.ac-reims.fr\/lp-val-more\/-wp-\/wp-json\/wp\/v2\/pages\/1750\/revisions\/2685"}],"wp:attachment":[{"href":"https:\/\/sitetab3.ac-reims.fr\/lp-val-more\/-wp-\/wp-json\/wp\/v2\/media?parent=1750"}],"curies":[{"name":"wp","href":"https:\/\/api.w.org\/{rel}","templated":true}]}}