{"id":1773,"date":"2021-09-14T11:27:15","date_gmt":"2021-09-14T09:27:15","guid":{"rendered":"http:\/\/sitetab3.ac-reims.fr\/lp-val-more\/-wp-\/?page_id=1773"},"modified":"2021-09-14T12:06:01","modified_gmt":"2021-09-14T10:06:01","slug":"nous-contacter","status":"publish","type":"page","link":"https:\/\/sitetab3.ac-reims.fr\/lp-val-more\/-wp-\/nous-contacter\/","title":{"rendered":"Nous contacter"},"content":{"rendered":"<hr>\n<p><a href=\"http:\/\/sitetab3.ac-reims.fr\/lp-val-more\/-wp-\/wp-content\/uploads\/triangle_bleu.png\"><img loading=\"lazy\" decoding=\"async\" class=\"alignnone size-full wp-image-1624\" src=\"http:\/\/sitetab3.ac-reims.fr\/lp-val-more\/-wp-\/wp-content\/uploads\/triangle_bleu.png\" alt=\"\" width=\"10\" height=\"16\"><\/a> <a href=\"http:\/\/sitetab3.ac-reims.fr\/lp-val-more\/-wp-\/pour-nous-joindre\/\"><strong>Nos coordonn\u00e9es<\/strong><\/a><\/p>\n<p><a href=\"http:\/\/sitetab3.ac-reims.fr\/lp-val-more\/-wp-\/wp-content\/uploads\/arton195-20e37.png\"><img loading=\"lazy\" decoding=\"async\" class=\"alignnone size-full wp-image-1776\" src=\"http:\/\/sitetab3.ac-reims.fr\/lp-val-more\/-wp-\/wp-content\/uploads\/arton195-20e37.png\" alt=\"\" width=\"100\" height=\"100\"><\/a>Lyc\u00e9e des M\u00e9tiers Val Mor\u00e9<\/p>\n<hr>\n<p><a href=\"http:\/\/sitetab3.ac-reims.fr\/lp-val-more\/-wp-\/wp-content\/uploads\/triangle_bleu.png\"><img loading=\"lazy\" decoding=\"async\" class=\"alignnone size-full wp-image-1624\" src=\"http:\/\/sitetab3.ac-reims.fr\/lp-val-more\/-wp-\/wp-content\/uploads\/triangle_bleu.png\" alt=\"\" width=\"10\" height=\"16\"><\/a> <a href=\"http:\/\/sitetab3.ac-reims.fr\/lp-val-more\/-wp-\/coordonnees-de-l-etablissement194\/\"><strong>Situation g\u00e9ographique de l&rsquo;\u00e9tablissement<\/strong><\/a><\/p>\n<p><a href=\"http:\/\/sitetab3.ac-reims.fr\/lp-val-more\/-wp-\/wp-content\/uploads\/arton194-95cd9.jpg\"><img loading=\"lazy\" decoding=\"async\" class=\"alignnone size-full wp-image-1777\" src=\"http:\/\/sitetab3.ac-reims.fr\/lp-val-more\/-wp-\/wp-content\/uploads\/arton194-95cd9.jpg\" alt=\"\" width=\"109\" height=\"100\"><\/a> Acc\u00e9der \u00e0 l&rsquo;\u00e9tablissement : cliquer sur le lien ci-dessous<\/p>\n<p>Document \u00e0 t\u00e9l\u00e9charger<\/p>\n","protected":false},"excerpt":{"rendered":"<p>Nos coordonn\u00e9es Lyc\u00e9e des M\u00e9tiers Val Mor\u00e9 Situation g\u00e9ographique de l&rsquo;\u00e9tablissement Acc\u00e9der \u00e0 l&rsquo;\u00e9tablissement : cliquer sur le lien ci-dessous Document \u00e0 t\u00e9l\u00e9charger<\/p>\n","protected":false},"author":1,"featured_media":0,"parent":0,"menu_order":0,"comment_status":"closed","ping_status":"closed","template":"","meta":{"ngg_post_thumbnail":0,"footnotes":""},"_links":{"self":[{"href":"https:\/\/sitetab3.ac-reims.fr\/lp-val-more\/-wp-\/wp-json\/wp\/v2\/pages\/1773"}],"collection":[{"href":"https:\/\/sitetab3.ac-reims.fr\/lp-val-more\/-wp-\/wp-json\/wp\/v2\/pages"}],"about":[{"href":"https:\/\/sitetab3.ac-reims.fr\/lp-val-more\/-wp-\/wp-json\/wp\/v2\/types\/page"}],"author":[{"embeddable":true,"href":"https:\/\/sitetab3.ac-reims.fr\/lp-val-more\/-wp-\/wp-json\/wp\/v2\/users\/1"}],"replies":[{"embeddable":true,"href":"https:\/\/sitetab3.ac-reims.fr\/lp-val-more\/-wp-\/wp-json\/wp\/v2\/comments?post=1773"}],"version-history":[{"count":4,"href":"https:\/\/sitetab3.ac-reims.fr\/lp-val-more\/-wp-\/wp-json\/wp\/v2\/pages\/1773\/revisions"}],"predecessor-version":[{"id":1788,"href":"https:\/\/sitetab3.ac-reims.fr\/lp-val-more\/-wp-\/wp-json\/wp\/v2\/pages\/1773\/revisions\/1788"}],"wp:attachment":[{"href":"https:\/\/sitetab3.ac-reims.fr\/lp-val-more\/-wp-\/wp-json\/wp\/v2\/media?parent=1773"}],"curies":[{"name":"wp","href":"https:\/\/api.w.org\/{rel}","templated":true}]}}