{"id":2078,"date":"2022-06-02T11:32:33","date_gmt":"2022-06-02T09:32:33","guid":{"rendered":"http:\/\/sitetab3.ac-reims.fr\/lp-val-more\/-wp-\/?page_id=2078"},"modified":"2025-06-26T11:45:28","modified_gmt":"2025-06-26T09:45:28","slug":"section-ctrm-demarches-permis-demarches-cqc","status":"publish","type":"page","link":"https:\/\/sitetab3.ac-reims.fr\/lp-val-more\/-wp-\/section-ctrm-demarches-permis-demarches-cqc\/","title":{"rendered":"SECTION CTRM &#8211; D\u00e9marches Permis \/ CQC \/ Carte Conducteur"},"content":{"rendered":"\n<p>  Suite \u00e0 la r\u00e9ussite de votre examen, vous trouverez ci-dessous toutes les informations n\u00e9cessaires pour effectuer vos d\u00e9marches afin d\u2019obtenir&nbsp;:<\/p>\n\n\n\n<ul>\n<li>votre permis de conduire,<\/li>\n\n\n\n<li>votre carte CQC,<\/li>\n\n\n\n<li>et votre carte conducteur ou carte chronotachygraphe.<\/li>\n<\/ul>\n\n\n\n<p>&nbsp;&nbsp;&nbsp;&nbsp;&nbsp;&nbsp;&nbsp;&nbsp; Avant de commencer les d\u00e9marches, <strong>Il est n\u00e9cessaire de prendre le temps de lire le document \u00ab&nbsp;Pr\u00e9sentation d\u00e9marches apr\u00e8s examen Bac Pro CTRM&nbsp;\u00bb<\/strong> qui a \u00e9t\u00e9 pr\u00e9sent\u00e9 et expliqu\u00e9 aux \u00e9l\u00e8ves en fin d\u2019ann\u00e9e scolaire.<\/p>\n\n\n\n<p>&nbsp;&nbsp;&nbsp;&nbsp;&nbsp;&nbsp;&nbsp;&nbsp; Celui-ci vous donne la <strong>chronologie des d\u00e9marches<\/strong> \u00e0 entreprendre afin d\u2019\u00e9viter tout blocage ou des d\u00e9marches sans r\u00e9ponse.<\/p>\n\n\n\n<p>Pour toute question, contactez le LP Val Mor\u00e9.<\/p>\n\n\n\n<p>L\u2019\u00e9tablissement sera ferm\u00e9 \u00e0 partir du 13 juillet<\/p>\n\n\n<p><span style=\"text-decoration: underline; color: #0000ff;\"><span style=\"font-family: arial, helvetica, sans-serif; font-size: 14pt;\"><strong>Pr\u00e9sentation des d\u00e9marches apr\u00e8s la r\u00e9ussite \u00e0 l&rsquo;examen Bac Pro CTRM : <\/strong><\/span><\/span><\/p>\n<p><span style=\"color: #0000ff;\"><span style=\"font-family: arial, helvetica, sans-serif; font-size: 14pt;\"><strong>Cliquer pour t\u00e9l\u00e9charger les documents<\/strong><\/span><\/span><\/p>\n<p><a href=\"http:\/\/sitetab3.ac-reims.fr\/lp-val-more\/-wp-\/wp-content\/uploads\/demarches-1.jpg\"><img loading=\"lazy\" decoding=\"async\" class=\"alignleft wp-image-2277\" src=\"http:\/\/sitetab3.ac-reims.fr\/lp-val-more\/-wp-\/wp-content\/uploads\/demarches-1.jpg\" alt=\"\" width=\"200\" height=\"100\" srcset=\"https:\/\/sitetab3.ac-reims.fr\/lp-val-more\/-wp-\/wp-content\/uploads\/demarches-1.jpg 1370w, https:\/\/sitetab3.ac-reims.fr\/lp-val-more\/-wp-\/wp-content\/uploads\/demarches-1-300x150.jpg 300w, https:\/\/sitetab3.ac-reims.fr\/lp-val-more\/-wp-\/wp-content\/uploads\/demarches-1-1024x513.jpg 1024w, https:\/\/sitetab3.ac-reims.fr\/lp-val-more\/-wp-\/wp-content\/uploads\/demarches-1-768x385.jpg 768w\" sizes=\"(max-width: 200px) 100vw, 200px\" \/><\/a><\/p>\n<p>&nbsp;<\/p>\n<p><a href=\"http:\/\/sitetab3.ac-reims.fr\/lp-val-more\/-wp-\/wp-content\/uploads\/presentation-demarches-apres-examen-BCP-CTRM-session-2023.pdf\">pr\u00e9sentation d\u00e9marches apr\u00e8s examen Bac Pro CTRM session 2023<\/a><\/p>\n<p>&nbsp;<\/p>\n<p>&nbsp;<\/p>\n<p><span style=\"font-size: 14pt;\"><strong><span style=\"text-decoration: underline;\"><span style=\"font-family: arial, helvetica, sans-serif;\">D\u00e9marches PERMIS :<\/span><\/span><span style=\"font-family: arial, helvetica, sans-serif;\"> Cliquer pour t\u00e9l\u00e9charger les documents<\/span><span style=\"text-decoration: underline;\"><span style=\"font-family: arial, helvetica, sans-serif;\"><br><\/span><\/span><\/strong><\/span><\/p>\n<p><img loading=\"lazy\" decoding=\"async\" class=\"wp-image-2085 alignleft\" src=\"http:\/\/sitetab3.ac-reims.fr\/lp-val-more\/-wp-\/wp-content\/uploads\/image-permis.jpg\" alt=\"\" width=\"200\" height=\"137\" srcset=\"https:\/\/sitetab3.ac-reims.fr\/lp-val-more\/-wp-\/wp-content\/uploads\/image-permis.jpg 498w, https:\/\/sitetab3.ac-reims.fr\/lp-val-more\/-wp-\/wp-content\/uploads\/image-permis-300x205.jpg 300w\" sizes=\"(max-width: 200px) 100vw, 200px\" \/><\/p>\n<p><a href=\"http:\/\/sitetab3.ac-reims.fr\/lp-val-more\/-wp-\/wp-content\/uploads\/votre-demande-de-permis-de-conduire-sur-ANTS-suite-a-Lobtention-de-votre-diplome.pdf\">Demande de permis de conduire sur ANTS suite \u00e0 L&rsquo;obtention de votre dipl\u00f4me<\/a><\/p>\n<p><a href=\"http:\/\/sitetab3.ac-reims.fr\/lp-val-more\/-wp-\/wp-content\/uploads\/modele-delivrance-des-permis-de-conduire-2025.pdf\" target=\"_blank\" rel=\"noopener\">Mod\u00e8le Courrier aux familles pour d\u00e9livrance des PERMIS<\/a><\/p>\n<p>&nbsp;<\/p>\n<p>&nbsp;<\/p>\n<p><span style=\"font-size: 14pt;\"><strong><span style=\"text-decoration: underline;\"><span style=\"font-family: arial, helvetica, sans-serif;\">D\u00e9marches CQC :<\/span><\/span> <span style=\"font-family: arial, helvetica, sans-serif;\"> Cliquer pour t\u00e9l\u00e9charger les documents<\/span><span style=\"text-decoration: underline;\"><span style=\"font-family: arial, helvetica, sans-serif;\"><br><\/span><\/span><\/strong><\/span><\/p>\n<p><img loading=\"lazy\" decoding=\"async\" class=\"wp-image-2084 alignleft\" src=\"http:\/\/sitetab3.ac-reims.fr\/lp-val-more\/-wp-\/wp-content\/uploads\/image-cqc.jpg\" alt=\"\" width=\"200\" height=\"128\" srcset=\"https:\/\/sitetab3.ac-reims.fr\/lp-val-more\/-wp-\/wp-content\/uploads\/image-cqc.jpg 562w, https:\/\/sitetab3.ac-reims.fr\/lp-val-more\/-wp-\/wp-content\/uploads\/image-cqc-300x192.jpg 300w\" sizes=\"(max-width: 200px) 100vw, 200px\" \/><a href=\"http:\/\/sitetab3.ac-reims.fr\/lp-val-more\/-wp-\/wp-content\/uploads\/guide-de-delivrance-de-CQC-par-lAFTRL.pdf\">Guide de d\u00e9livrance de CQC par l&rsquo;AFTRL<\/a><\/p>\n<p><a href=\"http:\/\/sitetab3.ac-reims.fr\/lp-val-more\/-wp-\/wp-content\/uploads\/Le-30-mai-2022-CQC-nouveau-decret-nouvelles-modalites-sur-site-AFT.pdf\">Le 30 mai 2022 CQC nouveau d\u00e9cret nouvelles modalit\u00e9s sur site AFT<\/a><\/p>\n<p><a href=\"http:\/\/sitetab3.ac-reims.fr\/lp-val-more\/-wp-\/wp-content\/uploads\/demande-CQC-Memo-Conducteurs.pdf\">Demande CQC M\u00e9mo Conducteurs<\/a><\/p>\n<p><a href=\"http:\/\/sitetab3.ac-reims.fr\/lp-val-more\/-wp-\/wp-content\/uploads\/modele-delivrance-carte-cqc-2025.pdf\" target=\"_blank\" rel=\"noopener\">Mod\u00e8le Courrier aux familles pour d\u00e9livrance de la CQC<\/a><\/p>\n<p><span style=\"font-family: arial, helvetica, sans-serif; font-size: 14pt;\"><b><span style=\"text-decoration: underline;\">La carte Conducteur :<\/span> <\/b><strong>Cliquer pour t\u00e9l\u00e9charger les documents<\/strong><b><br><\/b><\/span><\/p>\n<p><img loading=\"lazy\" decoding=\"async\" class=\"wp-image-2113 alignleft\" src=\"http:\/\/sitetab3.ac-reims.fr\/lp-val-more\/-wp-\/wp-content\/uploads\/carte-conducteur.jpg\" alt=\"\" width=\"200\" height=\"128\" srcset=\"https:\/\/sitetab3.ac-reims.fr\/lp-val-more\/-wp-\/wp-content\/uploads\/carte-conducteur.jpg 599w, https:\/\/sitetab3.ac-reims.fr\/lp-val-more\/-wp-\/wp-content\/uploads\/carte-conducteur-300x191.jpg 300w\" sizes=\"(max-width: 200px) 100vw, 200px\" \/><b><\/b><\/p>\n<p>&nbsp;<\/p>\n<p><span style=\"color: #993366;\"><a style=\"color: #993366;\" href=\"http:\/\/sitetab3.ac-reims.fr\/lp-val-more\/-wp-\/wp-content\/uploads\/LA-CARTE-CONDUCTEUR.pdf\"><span style=\"color: #800080;\">LA CARTE CONDUCTEUR<\/span><\/a><\/span><\/p>\n<p>&nbsp;<\/p>\n<p>&nbsp;<\/p>","protected":false},"excerpt":{"rendered":"<p>Suite \u00e0 la r\u00e9ussite de votre examen, vous trouverez ci-dessous toutes les informations n\u00e9cessaires pour effectuer vos d\u00e9marches afin d\u2019obtenir&nbsp;: &nbsp;&nbsp;&nbsp;&nbsp;&nbsp;&nbsp;&nbsp;&nbsp; Avant de commencer les d\u00e9marches, Il est n\u00e9cessaire de prendre le temps de lire le document \u00ab&nbsp;Pr\u00e9sentation d\u00e9marches apr\u00e8s examen Bac Pro CTRM&nbsp;\u00bb qui a \u00e9t\u00e9 pr\u00e9sent\u00e9 et expliqu\u00e9 aux \u00e9l\u00e8ves en fin d\u2019ann\u00e9e [&hellip;]<\/p>\n","protected":false},"author":1,"featured_media":0,"parent":0,"menu_order":0,"comment_status":"closed","ping_status":"closed","template":"","meta":{"ngg_post_thumbnail":0,"footnotes":""},"_links":{"self":[{"href":"https:\/\/sitetab3.ac-reims.fr\/lp-val-more\/-wp-\/wp-json\/wp\/v2\/pages\/2078"}],"collection":[{"href":"https:\/\/sitetab3.ac-reims.fr\/lp-val-more\/-wp-\/wp-json\/wp\/v2\/pages"}],"about":[{"href":"https:\/\/sitetab3.ac-reims.fr\/lp-val-more\/-wp-\/wp-json\/wp\/v2\/types\/page"}],"author":[{"embeddable":true,"href":"https:\/\/sitetab3.ac-reims.fr\/lp-val-more\/-wp-\/wp-json\/wp\/v2\/users\/1"}],"replies":[{"embeddable":true,"href":"https:\/\/sitetab3.ac-reims.fr\/lp-val-more\/-wp-\/wp-json\/wp\/v2\/comments?post=2078"}],"version-history":[{"count":29,"href":"https:\/\/sitetab3.ac-reims.fr\/lp-val-more\/-wp-\/wp-json\/wp\/v2\/pages\/2078\/revisions"}],"predecessor-version":[{"id":2677,"href":"https:\/\/sitetab3.ac-reims.fr\/lp-val-more\/-wp-\/wp-json\/wp\/v2\/pages\/2078\/revisions\/2677"}],"wp:attachment":[{"href":"https:\/\/sitetab3.ac-reims.fr\/lp-val-more\/-wp-\/wp-json\/wp\/v2\/media?parent=2078"}],"curies":[{"name":"wp","href":"https:\/\/api.w.org\/{rel}","templated":true}]}}