{"id":2189,"date":"2023-02-09T15:46:30","date_gmt":"2023-02-09T14:46:30","guid":{"rendered":"https:\/\/sitetab3.ac-reims.fr\/lp-val-more\/-wp-\/?page_id=2189"},"modified":"2023-02-10T10:05:00","modified_gmt":"2023-02-10T09:05:00","slug":"referentiel-mmcm","status":"publish","type":"page","link":"https:\/\/sitetab3.ac-reims.fr\/lp-val-more\/-wp-\/referentiel-mmcm\/","title":{"rendered":"BTS MMCM"},"content":{"rendered":"\n<p><a href=\"http:\/\/sitetab3.ac-reims.fr\/lp-val-more\/-wp-\/wp-content\/uploads\/1.Referentiel-BTS-MMCM-en-anglais.pdf\">1.R\u00e9f\u00e9rentiel BTS MMCM en anglais<\/a><\/p>\n\n\n\n<p><a href=\"http:\/\/sitetab3.ac-reims.fr\/lp-val-more\/-wp-\/wp-content\/uploads\/1.Referentiel-BTS-MMCM-en-francais.pdf\">1.R\u00e9f\u00e9rentiel BTS MMCM en fran\u00e7ais<\/a><\/p>\n\n\n\n<p><a href=\"http:\/\/sitetab3.ac-reims.fr\/lp-val-more\/-wp-\/wp-content\/uploads\/2.Objectif-PFMP-BTS-MMCM-en-anglais.pdf\">2.Objectif PFMP BTS MMCM en anglais<\/a><\/p>\n\n\n\n<p><a href=\"http:\/\/sitetab3.ac-reims.fr\/lp-val-more\/-wp-\/wp-content\/uploads\/2.Objectif-PFMP-BTS-MMCM-en-francais.pdf\">2.Objectif PFMP BTS MMCM en fran\u00e7ais<\/a><\/p>\n\n\n\n<p><a href=\"http:\/\/sitetab3.ac-reims.fr\/lp-val-more\/-wp-\/wp-content\/uploads\/3.Activites-professionnelles-en-PFMP-BTS-MMCM-en-anglais.pdf\">3.Activit\u00e9s professionnelles en PFMP BTS MMCM en anglais<\/a><\/p>\n\n\n\n<p><a href=\"http:\/\/sitetab3.ac-reims.fr\/lp-val-more\/-wp-\/wp-content\/uploads\/3.Activites-professionnelles-en-PFMP-BTS-MMCM-en-francais.pdf\">3.Activit\u00e9s professionnelles en PFMP BTS MMCM en fran\u00e7ais<\/a><\/p>\n\n\n\n<p><a href=\"http:\/\/sitetab3.ac-reims.fr\/lp-val-more\/-wp-\/wp-content\/uploads\/4.Evaluation-Fonctionnement-dun-service-en-PFMP-en-anglais.pdf\">4.Evaluation Fonctionnement d&rsquo;un service en PFMP en anglais<\/a><\/p>\n\n\n\n<p><a href=\"http:\/\/sitetab3.ac-reims.fr\/lp-val-more\/-wp-\/wp-content\/uploads\/4.Evaluation-Fonctionnement-dun-service-en-PFMP-en-francais.pdf\">4.Evaluation Fonctionnement d&rsquo;un service en PFMP en fran\u00e7ais<\/a><\/p>\n\n\n\n<p><a href=\"http:\/\/sitetab3.ac-reims.fr\/lp-val-more\/-wp-\/wp-content\/uploads\/5.Evaluation-Reparation-en-PFMP-BTS-MMCM-en-anglais.pdf\">5.Evaluation Reparation en PFMP BTS MMCM en anglais<\/a><\/p>\n\n\n\n<p><a href=\"http:\/\/sitetab3.ac-reims.fr\/lp-val-more\/-wp-\/wp-content\/uploads\/5.Evaluation-Reparation-en-PFMP-BTS-MMCM-en-francais.pdf\">5.Evaluation Reparation en PFMP BTS MMCM en fran\u00e7ais<\/a><\/p>\n\n\n\n<p><a href=\"http:\/\/sitetab3.ac-reims.fr\/lp-val-more\/-wp-\/wp-content\/uploads\/6.Evaluation-diagnostic-en-PFMP-BTS-MMCM-en-anglais.pdf\">6.Evaluation diagnostic en PFMP BTS MMCM en anglais<\/a><\/p>\n\n\n\n<p><a href=\"http:\/\/sitetab3.ac-reims.fr\/lp-val-more\/-wp-\/wp-content\/uploads\/6.Evaluation-diagnostic-en-PFMP-BTS-MMCM-en-francais.pdf\">6.Evaluation diagnostic en PFMP BTS MMCM en fran\u00e7ais<\/a><\/p>\n\n\n\n<p><\/p>\n\n\n\n<p><strong>CREDITS ECTS<\/strong><\/p>\n\n\n\n<p><a href=\"http:\/\/sitetab3.ac-reims.fr\/lp-val-more\/-wp-\/wp-content\/uploads\/ECTS-MMCM-en-anglais.pdf\">ECTS MMCM en anglais<\/a><\/p>\n\n\n\n<p><a href=\"http:\/\/sitetab3.ac-reims.fr\/lp-val-more\/-wp-\/wp-content\/uploads\/ECTS-MMCM.pdf\">ECTS MMCM en francais<\/a><\/p>\n","protected":false},"excerpt":{"rendered":"<p>1.R\u00e9f\u00e9rentiel BTS MMCM en anglais 1.R\u00e9f\u00e9rentiel BTS MMCM en fran\u00e7ais 2.Objectif PFMP BTS MMCM en anglais 2.Objectif PFMP BTS MMCM en fran\u00e7ais 3.Activit\u00e9s professionnelles en PFMP BTS MMCM en anglais 3.Activit\u00e9s professionnelles en PFMP BTS MMCM en fran\u00e7ais 4.Evaluation Fonctionnement d&rsquo;un service en PFMP en anglais 4.Evaluation Fonctionnement d&rsquo;un service en PFMP en fran\u00e7ais 5.Evaluation [&hellip;]<\/p>\n","protected":false},"author":1,"featured_media":0,"parent":0,"menu_order":0,"comment_status":"closed","ping_status":"closed","template":"","meta":{"ngg_post_thumbnail":0,"footnotes":""},"_links":{"self":[{"href":"https:\/\/sitetab3.ac-reims.fr\/lp-val-more\/-wp-\/wp-json\/wp\/v2\/pages\/2189"}],"collection":[{"href":"https:\/\/sitetab3.ac-reims.fr\/lp-val-more\/-wp-\/wp-json\/wp\/v2\/pages"}],"about":[{"href":"https:\/\/sitetab3.ac-reims.fr\/lp-val-more\/-wp-\/wp-json\/wp\/v2\/types\/page"}],"author":[{"embeddable":true,"href":"https:\/\/sitetab3.ac-reims.fr\/lp-val-more\/-wp-\/wp-json\/wp\/v2\/users\/1"}],"replies":[{"embeddable":true,"href":"https:\/\/sitetab3.ac-reims.fr\/lp-val-more\/-wp-\/wp-json\/wp\/v2\/comments?post=2189"}],"version-history":[{"count":5,"href":"https:\/\/sitetab3.ac-reims.fr\/lp-val-more\/-wp-\/wp-json\/wp\/v2\/pages\/2189\/revisions"}],"predecessor-version":[{"id":2240,"href":"https:\/\/sitetab3.ac-reims.fr\/lp-val-more\/-wp-\/wp-json\/wp\/v2\/pages\/2189\/revisions\/2240"}],"wp:attachment":[{"href":"https:\/\/sitetab3.ac-reims.fr\/lp-val-more\/-wp-\/wp-json\/wp\/v2\/media?parent=2189"}],"curies":[{"name":"wp","href":"https:\/\/api.w.org\/{rel}","templated":true}]}}