{"id":2191,"date":"2023-02-09T15:47:54","date_gmt":"2023-02-09T14:47:54","guid":{"rendered":"https:\/\/sitetab3.ac-reims.fr\/lp-val-more\/-wp-\/?page_id=2191"},"modified":"2023-02-10T10:05:36","modified_gmt":"2023-02-10T09:05:36","slug":"referentiel-tsma","status":"publish","type":"page","link":"https:\/\/sitetab3.ac-reims.fr\/lp-val-more\/-wp-\/referentiel-tsma\/","title":{"rendered":"BTS TSMA"},"content":{"rendered":"\n<p><a href=\"http:\/\/sitetab3.ac-reims.fr\/lp-val-more\/-wp-\/wp-content\/uploads\/1.Referentiel-BTS-TSMA-en-anglais.pdf\">1.Referentiel BTS TSMA en anglais<\/a><\/p>\n\n\n\n<p><a href=\"http:\/\/sitetab3.ac-reims.fr\/lp-val-more\/-wp-\/wp-content\/uploads\/1.Referentiel-BTS-TSMA-en-francais.pdf\">1.Referentiel BTS TSMA en fran\u00e7ais<\/a><\/p>\n\n\n\n<p><a href=\"http:\/\/sitetab3.ac-reims.fr\/lp-val-more\/-wp-\/wp-content\/uploads\/2.Objectifs-PFMP-BTS-TSMA-en-anglais.pdf\">2.Objectifs PFMP BTS TSMA en anglais<\/a><\/p>\n\n\n\n<p><a href=\"http:\/\/sitetab3.ac-reims.fr\/lp-val-more\/-wp-\/wp-content\/uploads\/2.Objectifs-PFMP-BTS-TSMA-en-francais.pdf\">2.Objectifs PFMP BTS TSMA en fran\u00e7ais<\/a><\/p>\n\n\n\n<p><a href=\"http:\/\/sitetab3.ac-reims.fr\/lp-val-more\/-wp-\/wp-content\/uploads\/3.Activites-professionnelles-en-PFMP-BTS-TSMA-en-anglais.pdf\">3.Activit\u00e9s professionnelles en PFMP BTS TSMA en anglais<\/a><\/p>\n\n\n\n<p><a href=\"http:\/\/sitetab3.ac-reims.fr\/lp-val-more\/-wp-\/wp-content\/uploads\/3.Activites-professionnelles-en-PFMP-BTS-TSMA-en-francais.pdf\">3.Activit\u00e9s professionnelles en PFMP BTS TSMA en fran\u00e7ais<\/a><\/p>\n\n\n\n<p><a href=\"http:\/\/sitetab3.ac-reims.fr\/lp-val-more\/-wp-\/wp-content\/uploads\/4.Evaluation-PFMP-BTS-TSMA-en-anglais.pdf\">4.Evaluation PFMP BTS TSMA en anglais<\/a><\/p>\n\n\n\n<p><a href=\"http:\/\/sitetab3.ac-reims.fr\/lp-val-more\/-wp-\/wp-content\/uploads\/4.Evaluation-PFMP-BTS-TSMA-en-francais.pdf\">4.Evaluation PFMP BTS TSMA en fran\u00e7ais<\/a><\/p>\n\n\n\n<p><a href=\"http:\/\/sitetab3.ac-reims.fr\/lp-val-more\/-wp-\/wp-content\/uploads\/5.Evaluation-diagnostic-BTS-TSMA-en-anglais.pdf\">5.Evaluation diagnostic BTS TSMA en anglais<\/a><\/p>\n\n\n\n<p><a href=\"http:\/\/sitetab3.ac-reims.fr\/lp-val-more\/-wp-\/wp-content\/uploads\/5.Evaluation-diagnostic-BTS-TSMA-en-francais.pdf\">5.Evaluation diagnostic BTS TSMA en fran\u00e7ais<\/a><\/p>\n\n\n\n<p><a href=\"http:\/\/sitetab3.ac-reims.fr\/lp-val-more\/-wp-\/wp-content\/uploads\/6.Evaluation-Projet-en-PFMP-BTS-TSMA-en-anglais.pdf\">6.Evaluation Projet en PFMP BTS TSMA en anglais<\/a><\/p>\n\n\n\n<p><a href=\"http:\/\/sitetab3.ac-reims.fr\/lp-val-more\/-wp-\/wp-content\/uploads\/6.Evaluation-Projet-en-PFMP-BTS-TSMA-en-francais.pdf\">6.Evaluation Projet en PFMP BTS TSMA en fran\u00e7ais<\/a><\/p>\n\n\n\n<p><\/p>\n\n\n\n<p><strong>CREDITS ECTS <\/strong><\/p>\n\n\n\n<p><a href=\"http:\/\/sitetab3.ac-reims.fr\/lp-val-more\/-wp-\/wp-content\/uploads\/ECTS-TSMA-en-anglais.pdf\">ECTS TSMA en anglais<\/a><\/p>\n\n\n\n<p><a href=\"http:\/\/sitetab3.ac-reims.fr\/lp-val-more\/-wp-\/wp-content\/uploads\/ECTS-TSMA.pdf\">ECTS TSMA<\/a><\/p>\n","protected":false},"excerpt":{"rendered":"<p>1.Referentiel BTS TSMA en anglais 1.Referentiel BTS TSMA en fran\u00e7ais 2.Objectifs PFMP BTS TSMA en anglais 2.Objectifs PFMP BTS TSMA en fran\u00e7ais 3.Activit\u00e9s professionnelles en PFMP BTS TSMA en anglais 3.Activit\u00e9s professionnelles en PFMP BTS TSMA en fran\u00e7ais 4.Evaluation PFMP BTS TSMA en anglais 4.Evaluation PFMP BTS TSMA en fran\u00e7ais 5.Evaluation diagnostic BTS TSMA en [&hellip;]<\/p>\n","protected":false},"author":1,"featured_media":0,"parent":0,"menu_order":0,"comment_status":"closed","ping_status":"closed","template":"","meta":{"ngg_post_thumbnail":0,"footnotes":""},"_links":{"self":[{"href":"https:\/\/sitetab3.ac-reims.fr\/lp-val-more\/-wp-\/wp-json\/wp\/v2\/pages\/2191"}],"collection":[{"href":"https:\/\/sitetab3.ac-reims.fr\/lp-val-more\/-wp-\/wp-json\/wp\/v2\/pages"}],"about":[{"href":"https:\/\/sitetab3.ac-reims.fr\/lp-val-more\/-wp-\/wp-json\/wp\/v2\/types\/page"}],"author":[{"embeddable":true,"href":"https:\/\/sitetab3.ac-reims.fr\/lp-val-more\/-wp-\/wp-json\/wp\/v2\/users\/1"}],"replies":[{"embeddable":true,"href":"https:\/\/sitetab3.ac-reims.fr\/lp-val-more\/-wp-\/wp-json\/wp\/v2\/comments?post=2191"}],"version-history":[{"count":3,"href":"https:\/\/sitetab3.ac-reims.fr\/lp-val-more\/-wp-\/wp-json\/wp\/v2\/pages\/2191\/revisions"}],"predecessor-version":[{"id":2241,"href":"https:\/\/sitetab3.ac-reims.fr\/lp-val-more\/-wp-\/wp-json\/wp\/v2\/pages\/2191\/revisions\/2241"}],"wp:attachment":[{"href":"https:\/\/sitetab3.ac-reims.fr\/lp-val-more\/-wp-\/wp-json\/wp\/v2\/media?parent=2191"}],"curies":[{"name":"wp","href":"https:\/\/api.w.org\/{rel}","templated":true}]}}