{"id":4,"date":"2013-02-04T09:41:38","date_gmt":"2013-02-04T09:41:38","guid":{"rendered":"http:\/\/sitetab3.ac-reims.fr\/lp-val-more\/-wp-\/?page_id=4"},"modified":"2022-01-14T11:20:25","modified_gmt":"2022-01-14T10:20:25","slug":"pages","status":"publish","type":"page","link":"https:\/\/sitetab3.ac-reims.fr\/lp-val-more\/-wp-\/","title":{"rendered":"Accueil"},"content":{"rendered":"<p><a href=\"http:\/\/sitetab3.ac-reims.fr\/lp-val-more\/-wp-\/wp-content\/uploads\/horaires-1.png\"><img loading=\"lazy\" decoding=\"async\" class=\"size-full wp-image-1863 aligncenter\" src=\"http:\/\/sitetab3.ac-reims.fr\/lp-val-more\/-wp-\/wp-content\/uploads\/horaires-1.png\" alt=\"\" width=\"414\" height=\"90\" srcset=\"https:\/\/sitetab3.ac-reims.fr\/lp-val-more\/-wp-\/wp-content\/uploads\/horaires-1.png 414w, https:\/\/sitetab3.ac-reims.fr\/lp-val-more\/-wp-\/wp-content\/uploads\/horaires-1-300x65.png 300w\" sizes=\"(max-width: 414px) 100vw, 414px\" \/><\/a><\/p>\n<div id=\"imgactualites\">\n<style><\/style><div class=\"wplp_outside wplp_widget_1626\" style=\"max-width:100%;\"><div id=\"wplp_widget_1626\" class=\"wplp_widget_default wplp_container vertical swiper wplp-swiper default cols1\" data-theme=\"default\" data-post=\"1626\" style=\"\" data-max-elts=\"8\" data-per-page=\"10\"><div class=\"wplp_listposts swiper-wrapper\" id=\"default_1626\" style=\"width: 100%;\" ><div class=\"swiper-slide\" style=\"\"><div class=\"insideframe\"><div id=\"wplp_box_top_1626_1381\" class=\"wpcu-front-box top equalHeightImg\" ><div class=\"wplp-box-item\"><a href=\"https:\/\/sitetab3.ac-reims.fr\/lp-val-more\/-wp-\/mini-stages-2019-2020\/\"  class=\"thumbnail\"><span class=\"img_cropper\" style=\"margin-top:20px;margin-bottom:20px;max-width:100%;\"><img decoding=\"async\" src=\"https:\/\/sitetab3.ac-reims.fr\/lp-val-more\/-wp-\/wp-content\/uploads\/logo-mini-stage-1.jpg\" style=\"aspect-ratio:21\/9;\" srcset=\"https:\/\/sitetab3.ac-reims.fr\/lp-val-more\/-wp-\/wp-content\/uploads\/logo-mini-stage-1.jpg 468w, https:\/\/sitetab3.ac-reims.fr\/lp-val-more\/-wp-\/wp-content\/uploads\/logo-mini-stage-1-300x128.jpg 300w\" alt=\"Mini stages 2025-2026\" class=\"wplp_thumb\" \/><\/span><\/a><a href=\"https:\/\/sitetab3.ac-reims.fr\/lp-val-more\/-wp-\/mini-stages-2019-2020\/\"  class=\"title\">Mini stages 2025-2026<\/a><\/div><\/div><div id=\"wplp_box_left_1626_1381\" class=\"wpcu-front-box left wpcu-custom-position\" ><div class=\"wplp-box-item\"><\/div><\/div><div id=\"wplp_box_right_1626_1381\" class=\"wpcu-front-box right wpcu-custom-position\" ><div class=\"wplp-box-item\"><\/div><\/div><div id=\"wplp_box_bottom_1626_1381\" class=\"wpcu-front-box bottom \" ><div class=\"wplp-box-item\"><span class=\"category\">Actualit\u00e9s \/ Mini stages<\/span><span class=\"text\"><span style=\"max-height:2.8em\" class=\"line_limit\">\u00a0\nMadame, Monsieur,\n\u00a0\n\u00a0Le lyc\u00e9e des m\u00e9tiers Val Mor\u00e9 propose tous les ans des p\u00e9riodes de mini-stages pour les \u00e9l\u00e8ves ayant un projet professionnel afin qu\u2019ils puissent d\u00e9couvrir nos formations.\n\u00a0\n\u00a0L&rsquo;inscription \u00e0 ces mini-stages se fait sur une plateforme qui est accessible uniquement aux \u00e9tablissements scolaires. \n\u00a0https:\/\/portail.mini-stage.fr\/etablissement-val-more\/login\n\u00a0 Vous devrez demander \u00e0 votre \u00e9tablissement pour proc\u00e9der \u00e0 l&rsquo;inscription.\n\u00a0\n\u00a0Au bas de cette page, vous trouverez les renseignements n\u00e9cessaires dans les documents, ainsi que la proc\u00e9dure mini-stages pour l&rsquo;inscription.\n\u00a0\n\u00a0Nous restons \u00e0 votre disposition pour tout renseignement compl\u00e9mentaire.\n\u00a0\nCordialement. \nEric Vion, DDFPT\n\u00a0\nLien vers les formations propos\u00e9es par notre \u00e9tablissement\u00a0: \nhttps:\/\/sitetab3.ac-reims.fr\/lp-val-more\/-wp-\/nos-formations\/\n\u00a0\nDocuments joints\n\u00a0\n1 : Courrier proc\u00e9dure mise en place mini-stages 2025-2026 LP Val Mor\u00e9\n2 : Trousseau du stagiaire pour l\u2019internat\n3 : Plaquette mini-stages au lyc\u00e9e val mor\u00e9 2025 2026\n4 : Calendrier mini-stages 2025 2026\n5\u00a0: Guide connexion \u00e0 la plateforme Mini stage\n\u00a0\n\u00a0<\/span><span style=\"margin-left:3px; max-height:2.8em\" class=\"line_limit\"> [...]<\/span><\/span><span class=\"custom_fields\">\n<!-- WPLP Unknown field: Custom_Fields -->\n<\/span><\/div><\/div><\/div><\/div><div class=\"swiper-slide\" style=\"\"><div class=\"insideframe\"><div id=\"wplp_box_top_1626_2563\" class=\"wpcu-front-box top equalHeightImg\" ><div class=\"wplp-box-item\"><a href=\"https:\/\/sitetab3.ac-reims.fr\/lp-val-more\/-wp-\/allocations-pfmp-informations-importantes\/\"  class=\"thumbnail\"><span class=\"img_cropper\" style=\"margin-top:20px;margin-bottom:20px;max-width:100%;\"><img decoding=\"async\" src=\"https:\/\/sitetab3.ac-reims.fr\/lp-val-more\/-wp-\/wp-content\/uploads\/logo-pfmp.jpg\" style=\"aspect-ratio:21\/9;\" srcset=\"https:\/\/sitetab3.ac-reims.fr\/lp-val-more\/-wp-\/wp-content\/uploads\/logo-pfmp.jpg 472w, https:\/\/sitetab3.ac-reims.fr\/lp-val-more\/-wp-\/wp-content\/uploads\/logo-pfmp-300x154.jpg 300w\" alt=\"Allocations PFMP &#8211; informations importantes\" class=\"wplp_thumb\" \/><\/span><\/a><a href=\"https:\/\/sitetab3.ac-reims.fr\/lp-val-more\/-wp-\/allocations-pfmp-informations-importantes\/\"  class=\"title\">Allocations PFMP &#8211; informations importantes<\/a><\/div><\/div><div id=\"wplp_box_left_1626_2563\" class=\"wpcu-front-box left wpcu-custom-position\" ><div class=\"wplp-box-item\"><\/div><\/div><div id=\"wplp_box_right_1626_2563\" class=\"wpcu-front-box right wpcu-custom-position\" ><div class=\"wplp-box-item\"><\/div><\/div><div id=\"wplp_box_bottom_1626_2563\" class=\"wpcu-front-box bottom \" ><div class=\"wplp-box-item\"><span class=\"category\">Actualit\u00e9s<\/span><span class=\"text\"><span style=\"max-height:2.8em\" class=\"line_limit\">Tr\u00e8s important\n\n\n\npour les \u00e9l\u00e8ves terminant leur PFMP le 5 juillet &#8211; 1 CAP , 2NDE MMV, 1\u00e8re MMV\n\n\n\nVoici la proc\u00e9dure \u00e0 suivre concernant l&rsquo;attestation de stage \u00e0 redonner au lyc\u00e9e pour la mise en paiement de l&rsquo;allocation de PFMP 2. ( voir \u00e9galement en pi\u00e8ce jointe les explications)\n\n\n\nLE 5 JUILLET, l&rsquo;\u00e9l\u00e8ve stagiaire devra&nbsp;faire compl\u00e9ter son attestation de PFMP 2 par l&rsquo;entreprise.\n\n\n\nBIEN VERIFIER QUE L\u2019ATTESTATION :\n\n\n\nindique le nombre de jours de pr\u00e9sence et d\u2019absenceest \u00e9tablie \u00e0 la date du 5 juillet 2024 (ou date de fin de stage)est sign\u00e9e par l\u2019entreprisecomporte le cachet de l&rsquo;entreprise\n\n\n\nAU PLUS TARD LE 8 JUILLET, DELAI IMPERATIF, l&rsquo;\u00e9l\u00e8ve devra transmettre son attestation au lyc\u00e9e, \u00e0 Mme GURGA.\n\n\n\n&#8211; \u00e0 d\u00e9poser directement au lyc\u00e9e, aupr\u00e8s de Mme GURGA \u2013 BUREAU E 12\n\n\n\n&#8211; ou \u00e0 envoyer par mail :&nbsp;bde-lp-val-more@ac-reims.fr\n\n\n\n&#8211; ou \u00e0 envoyer par courrier\n\n\n\nATTENTION\n\n\n\nLes attestations de stage incompl\u00e8tes ou rendues apr\u00e8s le 8 juillet seront trait\u00e9es \u00e0 la rentr\u00e9e de septembre 2024.\n\n\n\nLes stages qui se terminent le 12 ou le 13 juillet seront aussi trait\u00e9s en septembre.\n\n\n\nT\u00e9l\u00e9charger la proc\u00e9dure au format PDF<\/span><span style=\"margin-left:3px; max-height:2.8em\" class=\"line_limit\"> [...]<\/span><\/span><span class=\"custom_fields\">\n<!-- WPLP Unknown field: Custom_Fields -->\n<\/span><\/div><\/div><\/div><\/div><div class=\"swiper-slide\" style=\"\"><div class=\"insideframe\"><div id=\"wplp_box_top_1626_1438\" class=\"wpcu-front-box top equalHeightImg\" ><div class=\"wplp-box-item\"><a href=\"https:\/\/sitetab3.ac-reims.fr\/lp-val-more\/-wp-\/comment-verser-votre-taxe-d-apprentissage-de-13\/\"  class=\"thumbnail\"><span class=\"img_cropper\" style=\"margin-top:20px;margin-bottom:20px;max-width:100%;\"><img decoding=\"async\" src=\"https:\/\/sitetab3.ac-reims.fr\/lp-val-more\/-wp-\/wp-content\/uploads\/bandeau-taxe-apprentissage-2023.jpg\" style=\"aspect-ratio:21\/9;\" srcset=\"https:\/\/sitetab3.ac-reims.fr\/lp-val-more\/-wp-\/wp-content\/uploads\/bandeau-taxe-apprentissage-2023.jpg 850w, https:\/\/sitetab3.ac-reims.fr\/lp-val-more\/-wp-\/wp-content\/uploads\/bandeau-taxe-apprentissage-2023-300x76.jpg 300w, https:\/\/sitetab3.ac-reims.fr\/lp-val-more\/-wp-\/wp-content\/uploads\/bandeau-taxe-apprentissage-2023-768x194.jpg 768w\" alt=\"Taxe d&rsquo;Apprentissage 2023 sur salaires 2022 : Comment verser le solde de la Taxe d&rsquo;Apprentissage de 13% ?\" class=\"wplp_thumb\" \/><\/span><\/a><a href=\"https:\/\/sitetab3.ac-reims.fr\/lp-val-more\/-wp-\/comment-verser-votre-taxe-d-apprentissage-de-13\/\"  class=\"title\">Taxe d&rsquo;Apprentissage 2023 sur salaires 2022 : Comment verser le solde de la Taxe d&rsquo;Apprentissage de 13% ?<\/a><\/div><\/div><div id=\"wplp_box_left_1626_1438\" class=\"wpcu-front-box left wpcu-custom-position\" ><div class=\"wplp-box-item\"><\/div><\/div><div id=\"wplp_box_right_1626_1438\" class=\"wpcu-front-box right wpcu-custom-position\" ><div class=\"wplp-box-item\"><\/div><\/div><div id=\"wplp_box_bottom_1626_1438\" class=\"wpcu-front-box bottom \" ><div class=\"wplp-box-item\"><span class=\"category\">Actualit\u00e9s<\/span><span class=\"text\"><span style=\"max-height:2.8em\" class=\"line_limit\">&nbsp;\n\n\n\n&nbsp;Madame, Monsieur,\n\n\n\nVotre entreprise participe directement ou indirectement \u00e0 la dynamique de notre \u00e9tablissement et \u00e0 la formation des publics que nous accueillons. Nous vous en remercions.\n\n\n\nVotre aide nous est pr\u00e9cieuse et essentielle pour maintenir des formations de qualit\u00e9, enrichir nos supports p\u00e9dagogiques et surtout pour \u00eatre au plus pr\u00e8s des attentes et des \u00e9volutions des mat\u00e9riels et des v\u00e9hicules qui sont pr\u00e9sents dans vos entreprises.\n\n\n\nAujourd\u2019hui, vous avez la possibilit\u00e9 de contribuer davantage au d\u00e9veloppement des formations technologiques et professionnelles que nous mettons en \u0153uvre et qui sont \u00e0 la fois accessibles sous statut scolaire et sous statut apprenti (40 apprentis de la 1\u00e8re Bac Pro au BTS en 2022) gr\u00e2ce au ciblage de votre solde de la taxe d\u2019apprentissage.&nbsp;&nbsp;\n\n\n\nDans le cadre de la campagne 2023, le circuit de collecte et de distribution du solde de la Taxe d\u2019Apprentissage change. Vous avez deux possibilit\u00e9s pour nous apporter votre soutien&nbsp;:\n\n\n\nSur la plateforme SOLT\u00e9A, d\u00e9signer le LP VAL MORE pour faire b\u00e9n\u00e9ficier votre solde de la taxe d\u2019apprentissage.\n\n\n\nNotre Lyc\u00e9e est habilit\u00e9 \u00e0 percevoir le solde de la taxe d\u2019apprentissage qui correspond \u00e0 la fraction de 13% pour les niveaux de formation V (CAP), IV (BAC PRO) et III (BTS).\n\n\n\n&nbsp;Faire un don en \u00e9quipement,\n\n\n\nVous pouvez en effet vous acquitter du solde de la taxe en faisant un don en \u00e9quipement, par l\u2019interm\u00e9diaire de notre CFA partenaire (CFA de l\u2019acad\u00e9mie de Reims administr\u00e9 par le GIP FCIP). Voir ci-joint le bordereau de don en nature.\n\n\n\nNous joignons \u00e0 ce courrier un document synth\u00e9tique reprenant les grands principes relatifs \u00e0 ce qui change pour la taxe d\u2019apprentissage 2023.\n\n\n\nNous restons \u00e0 votre disposition pour \u00e9changer sur nos modalit\u00e9s de collaboration et partenariats et vous accompagner dans vos d\u00e9marches relatives au versement du solde de la taxe d\u2019apprentissage qui doit \u00eatre indiqu\u00e9 entre le 1er avril et le 7 septembre 2023 sur la plateforme SOLT\u00e9A.\n\n\n\nJe vous remercie de l\u2019int\u00e9r\u00eat que vous porterez \u00e0 notre \u00e9tablissement, et vous prie d\u2019agr\u00e9er Madame, Monsieur, l\u2019expression de mes sinc\u00e8res salutations.\n\n\n\nFRANCOIS Xavier,\n\n\n\nProviseur\n\n\n\nDocuments joints :\n\n\n\nBordereau don en nature\n\n\n\nTAXE apprentissage ce qui change en 2023 le 23 01 2023\n\n\n\nLa taxe d\u2019apprentissage (part principale et solde) par l&rsquo;URSSAF le 24 01 2023\n\n\n\nlettre entreprise ta2022 janv 2023<\/span><span style=\"margin-left:3px; max-height:2.8em\" class=\"line_limit\"> [...]<\/span><\/span><span class=\"custom_fields\">\n<!-- WPLP Unknown field: Custom_Fields -->\n<\/span><\/div><\/div><\/div><\/div><div class=\"swiper-slide\" style=\"\"><div class=\"insideframe\"><div id=\"wplp_box_top_1626_2059\" class=\"wpcu-front-box top equalHeightImg\" ><div class=\"wplp-box-item\"><a href=\"https:\/\/sitetab3.ac-reims.fr\/lp-val-more\/-wp-\/2059-2\/\"  class=\"thumbnail\"><span class=\"img_cropper\" style=\"margin-top:20px;margin-bottom:20px;max-width:100%;\"><img decoding=\"async\" src=\"https:\/\/sitetab3.ac-reims.fr\/lp-val-more\/-wp-\/wp-content\/uploads\/logo-fenwick.jpg\" style=\"aspect-ratio:21\/9;\" srcset=\"https:\/\/sitetab3.ac-reims.fr\/lp-val-more\/-wp-\/wp-content\/uploads\/logo-fenwick.jpg 787w, https:\/\/sitetab3.ac-reims.fr\/lp-val-more\/-wp-\/wp-content\/uploads\/logo-fenwick-300x64.jpg 300w, https:\/\/sitetab3.ac-reims.fr\/lp-val-more\/-wp-\/wp-content\/uploads\/logo-fenwick-768x163.jpg 768w\" alt=\"FENWICK rencontre le Lyc\u00e9e professionnel Val Mor\u00e9\" class=\"wplp_thumb\" \/><\/span><\/a><a href=\"https:\/\/sitetab3.ac-reims.fr\/lp-val-more\/-wp-\/2059-2\/\"  class=\"title\">FENWICK rencontre le Lyc\u00e9e professionnel Val Mor\u00e9<\/a><\/div><\/div><div id=\"wplp_box_left_1626_2059\" class=\"wpcu-front-box left wpcu-custom-position\" ><div class=\"wplp-box-item\"><\/div><\/div><div id=\"wplp_box_right_1626_2059\" class=\"wpcu-front-box right wpcu-custom-position\" ><div class=\"wplp-box-item\"><\/div><\/div><div id=\"wplp_box_bottom_1626_2059\" class=\"wpcu-front-box bottom \" ><div class=\"wplp-box-item\"><span class=\"category\">Actualit\u00e9s<\/span><span class=\"text\"><span style=\"max-height:2.8em\" class=\"line_limit\">Quand l\u2019entreprise FENWICK rencontre le Lyc\u00e9e professionnel Val Mor\u00e9\n&nbsp; Le mardi 03 mai 2022, la soci\u00e9t\u00e9 FENWICK-LINDE est venue rencontrer les \u00e9l\u00e8ves du lyc\u00e9e professionnel Val Mor\u00e9 pour faire une pr\u00e9sentation des m\u00e9tiers qui existent au sein de l\u2019entreprise et plus particuli\u00e8rement sur le m\u00e9tier de technicien de maintenance.\n&nbsp; M.CARON, technicien coordinateur, et M. BEAUCOURT, directeur technique, ont pr\u00e9sent\u00e9 leur entreprise qui est pr\u00e9sente sur tous les continents ainsi que les m\u00e9tiers li\u00e9s \u00e0 leur activit\u00e9.\n&nbsp; Cette pr\u00e9sentation a \u00e9t\u00e9 accompagn\u00e9e par le t\u00e9moignage de M. MALTRAIT, technicien de maintenance des engins de manutention \u00e0 l\u2019agence FENWICK-LINDE de Troyes, qui a partag\u00e9 son exp\u00e9rience professionnelle et sa passion aupr\u00e8s de nos \u00e9l\u00e8ves. Ce retour d\u2019exp\u00e9rience a occasionn\u00e9 des \u00e9changes fructueux avec nos \u00e9l\u00e8ves ainsi que les possibilit\u00e9s d\u2019emplois ou de stages qui sont \u00e0 pourvoir dans cette soci\u00e9t\u00e9.\n&nbsp; Cette rencontre a concern\u00e9 nos formations Bac Pro Maintenance des Mat\u00e9riels.\n&nbsp; Le lyc\u00e9e Val Mor\u00e9 remercie la soci\u00e9t\u00e9 FENWICK-LINDE pour sa pr\u00e9sentation ainsi que sa confiance et son engagement r\u00e9el depuis de nombreuses ann\u00e9es.\n&nbsp;\n&nbsp;\nLe 12\/05\/2022&nbsp;&nbsp;&nbsp; Vion Eric<\/span><span style=\"margin-left:3px; max-height:2.8em\" class=\"line_limit\"> [...]<\/span><\/span><span class=\"custom_fields\">\n<!-- WPLP Unknown field: Custom_Fields -->\n<\/span><\/div><\/div><\/div><\/div><div class=\"swiper-slide\" style=\"\"><div class=\"insideframe\"><div id=\"wplp_box_top_1626_2025\" class=\"wpcu-front-box top equalHeightImg\" ><div class=\"wplp-box-item\"><a href=\"https:\/\/sitetab3.ac-reims.fr\/lp-val-more\/-wp-\/club-seimat\/\"  class=\"thumbnail\"><span class=\"img_cropper\" style=\"margin-top:20px;margin-bottom:20px;max-width:100%;\"><img decoding=\"async\" src=\"https:\/\/sitetab3.ac-reims.fr\/lp-val-more\/-wp-\/wp-content\/uploads\/bandeau-club-seimat.jpg\" style=\"aspect-ratio:21\/9;\" srcset=\"https:\/\/sitetab3.ac-reims.fr\/lp-val-more\/-wp-\/wp-content\/uploads\/bandeau-club-seimat.jpg 636w, https:\/\/sitetab3.ac-reims.fr\/lp-val-more\/-wp-\/wp-content\/uploads\/bandeau-club-seimat-300x108.jpg 300w\" alt=\"CLUB SEIMAT\" class=\"wplp_thumb\" \/><\/span><\/a><a href=\"https:\/\/sitetab3.ac-reims.fr\/lp-val-more\/-wp-\/club-seimat\/\"  class=\"title\">CLUB SEIMAT<\/a><\/div><\/div><div id=\"wplp_box_left_1626_2025\" class=\"wpcu-front-box left wpcu-custom-position\" ><div class=\"wplp-box-item\"><\/div><\/div><div id=\"wplp_box_right_1626_2025\" class=\"wpcu-front-box right wpcu-custom-position\" ><div class=\"wplp-box-item\"><\/div><\/div><div id=\"wplp_box_bottom_1626_2025\" class=\"wpcu-front-box bottom \" ><div class=\"wplp-box-item\"><span class=\"category\">Actualit\u00e9s<\/span><span class=\"text\"><span style=\"max-height:2.8em\" class=\"line_limit\">Lien Vid\u00e9o CLUB SEIMAT YOUTUBE\nhttps:\/\/www.youtube.com\/watch?v=Mx2qpnJBsHI\nLien INSTAGRAM\nhttps:\/\/www.instagram.com\/clubseimat\/\n&nbsp;<\/span><span style=\"margin-left:3px; max-height:2.8em\" class=\"line_limit\"> [...]<\/span><\/span><span class=\"custom_fields\">\n<!-- WPLP Unknown field: Custom_Fields -->\n<\/span><\/div><\/div><\/div><\/div><div class=\"swiper-slide\" style=\"\"><div class=\"insideframe\"><div id=\"wplp_box_top_1626_1495\" class=\"wpcu-front-box top equalHeightImg\" ><div class=\"wplp-box-item\"><a href=\"https:\/\/sitetab3.ac-reims.fr\/lp-val-more\/-wp-\/les-pages-de-ce-site-s-adressent-aux-visiteurs\/\"  class=\"thumbnail\"><span class=\"img_cropper\" style=\"margin-top:20px;margin-bottom:20px;max-width:100%;\"><img decoding=\"async\" src=\"https:\/\/sitetab3.ac-reims.fr\/lp-val-more\/-wp-\/wp-content\/uploads\/info.jpg\" style=\"aspect-ratio:21\/9;\" srcset=\"https:\/\/sitetab3.ac-reims.fr\/lp-val-more\/-wp-\/wp-content\/uploads\/info.jpg 650w, https:\/\/sitetab3.ac-reims.fr\/lp-val-more\/-wp-\/wp-content\/uploads\/info-300x145.jpg 300w\" alt=\"Informations aux visiteurs de notre site\" class=\"wplp_thumb\" \/><\/span><\/a><a href=\"https:\/\/sitetab3.ac-reims.fr\/lp-val-more\/-wp-\/les-pages-de-ce-site-s-adressent-aux-visiteurs\/\"  class=\"title\">Informations aux visiteurs de notre site<\/a><\/div><\/div><div id=\"wplp_box_left_1626_1495\" class=\"wpcu-front-box left wpcu-custom-position\" ><div class=\"wplp-box-item\"><\/div><\/div><div id=\"wplp_box_right_1626_1495\" class=\"wpcu-front-box right wpcu-custom-position\" ><div class=\"wplp-box-item\"><\/div><\/div><div id=\"wplp_box_bottom_1626_1495\" class=\"wpcu-front-box bottom \" ><div class=\"wplp-box-item\"><span class=\"category\">Actualit\u00e9s<\/span><span class=\"text\"><span style=\"max-height:2.8em\" class=\"line_limit\">Les pages de ce site s\u2019adressent aux visiteurs d\u00e9sireux de d\u00e9couvrir le Lyc\u00e9e des M\u00e9tiers Val Mor\u00e9 et ses formations.\n&nbsp;\nLes familles et les \u00e9l\u00e8ves, inscrits au Lyc\u00e9e des M\u00e9tiers Val Mor\u00e9&#8230;&#8230;&#8230;..\n&nbsp;\n&nbsp;<\/span><span style=\"margin-left:3px; max-height:2.8em\" class=\"line_limit\"> [...]<\/span><\/span><span class=\"custom_fields\">\n<!-- WPLP Unknown field: Custom_Fields -->\n<\/span><\/div><\/div><\/div><\/div><div class=\"swiper-slide\" style=\"\"><div class=\"insideframe\"><div id=\"wplp_box_top_1626_1501\" class=\"wpcu-front-box top equalHeightImg\" ><div class=\"wplp-box-item\"><a href=\"https:\/\/sitetab3.ac-reims.fr\/lp-val-more\/-wp-\/reussite-et-dys-en-lycee-professionnel\/\"  class=\"thumbnail\"><span class=\"img_cropper\" style=\"margin-top:20px;margin-bottom:20px;max-width:100%;\"><img decoding=\"async\" src=\"https:\/\/sitetab3.ac-reims.fr\/lp-val-more\/-wp-\/wp-content\/uploads\/dyslexie.jpg\" style=\"aspect-ratio:21\/9;\" srcset=\"https:\/\/sitetab3.ac-reims.fr\/lp-val-more\/-wp-\/wp-content\/uploads\/dyslexie.jpg 600w, https:\/\/sitetab3.ac-reims.fr\/lp-val-more\/-wp-\/wp-content\/uploads\/dyslexie-300x131.jpg 300w\" alt=\"R\u00e9ussite et DYS en lyc\u00e9e professionnel\" class=\"wplp_thumb\" \/><\/span><\/a><a href=\"https:\/\/sitetab3.ac-reims.fr\/lp-val-more\/-wp-\/reussite-et-dys-en-lycee-professionnel\/\"  class=\"title\">R\u00e9ussite et DYS en lyc\u00e9e professionnel<\/a><\/div><\/div><div id=\"wplp_box_left_1626_1501\" class=\"wpcu-front-box left wpcu-custom-position\" ><div class=\"wplp-box-item\"><\/div><\/div><div id=\"wplp_box_right_1626_1501\" class=\"wpcu-front-box right wpcu-custom-position\" ><div class=\"wplp-box-item\"><\/div><\/div><div id=\"wplp_box_bottom_1626_1501\" class=\"wpcu-front-box bottom \" ><div class=\"wplp-box-item\"><span class=\"category\">Actualit\u00e9s<\/span><span class=\"text\"><span style=\"max-height:2.8em\" class=\"line_limit\">&nbsp;<\/span><span style=\"margin-left:3px; max-height:2.8em\" class=\"line_limit\"> [...]<\/span><\/span><span class=\"custom_fields\">\n<!-- WPLP Unknown field: Custom_Fields -->\n<\/span><\/div><\/div><\/div><\/div><div class=\"swiper-slide\" style=\"\"><div class=\"insideframe\"><div id=\"wplp_box_top_1626_1034\" class=\"wpcu-front-box top equalHeightImg\" ><div class=\"wplp-box-item\"><a href=\"https:\/\/sitetab3.ac-reims.fr\/lp-val-more\/-wp-\/les-bons-reflexes-courriels\/\"  class=\"thumbnail\"><span class=\"img_cropper\" style=\"margin-top:20px;margin-bottom:20px;max-width:100%;\"><img decoding=\"async\" src=\"https:\/\/sitetab3.ac-reims.fr\/lp-val-more\/-wp-\/wp-content\/uploads\/reflexes-courriel1.jpg\" style=\"aspect-ratio:21\/9;\" srcset=\"https:\/\/sitetab3.ac-reims.fr\/lp-val-more\/-wp-\/wp-content\/uploads\/reflexes-courriel1.jpg 2415w, https:\/\/sitetab3.ac-reims.fr\/lp-val-more\/-wp-\/wp-content\/uploads\/reflexes-courriel1-300x49.jpg 300w, https:\/\/sitetab3.ac-reims.fr\/lp-val-more\/-wp-\/wp-content\/uploads\/reflexes-courriel1-1024x169.jpg 1024w, https:\/\/sitetab3.ac-reims.fr\/lp-val-more\/-wp-\/wp-content\/uploads\/reflexes-courriel1-768x127.jpg 768w, https:\/\/sitetab3.ac-reims.fr\/lp-val-more\/-wp-\/wp-content\/uploads\/reflexes-courriel1-1536x253.jpg 1536w, https:\/\/sitetab3.ac-reims.fr\/lp-val-more\/-wp-\/wp-content\/uploads\/reflexes-courriel1-2048x338.jpg 2048w\" alt=\"S\u00e9curit\u00e9 : Les bons r\u00e9flexes courriels\" class=\"wplp_thumb\" \/><\/span><\/a><a href=\"https:\/\/sitetab3.ac-reims.fr\/lp-val-more\/-wp-\/les-bons-reflexes-courriels\/\"  class=\"title\">S\u00e9curit\u00e9 : Les bons r\u00e9flexes courriels<\/a><\/div><\/div><div id=\"wplp_box_left_1626_1034\" class=\"wpcu-front-box left wpcu-custom-position\" ><div class=\"wplp-box-item\"><\/div><\/div><div id=\"wplp_box_right_1626_1034\" class=\"wpcu-front-box right wpcu-custom-position\" ><div class=\"wplp-box-item\"><\/div><\/div><div id=\"wplp_box_bottom_1626_1034\" class=\"wpcu-front-box bottom \" ><div class=\"wplp-box-item\"><span class=\"category\">Actualit\u00e9s<\/span><span class=\"text\"><span style=\"max-height:2.8em\" class=\"line_limit\">Documents joints\r\n\r\n\r\n\r\nFlyer r\u00e9flexe-courriel\r\n\r\n&nbsp;<\/span><span style=\"margin-left:3px; max-height:2.8em\" class=\"line_limit\"> [...]<\/span><\/span><span class=\"custom_fields\">\n<!-- WPLP Unknown field: Custom_Fields -->\n<\/span><\/div><\/div><\/div><\/div><\/div><div class=\"swiper-button-next\"><\/div><div class=\"swiper-button-prev\"><\/div><div class=\"swiper-pagination\"><\/div><\/div><\/div>\n<\/div>\n","protected":false},"excerpt":{"rendered":"","protected":false},"author":1,"featured_media":0,"parent":0,"menu_order":0,"comment_status":"open","ping_status":"open","template":"","meta":{"ngg_post_thumbnail":0,"footnotes":""},"_links":{"self":[{"href":"https:\/\/sitetab3.ac-reims.fr\/lp-val-more\/-wp-\/wp-json\/wp\/v2\/pages\/4"}],"collection":[{"href":"https:\/\/sitetab3.ac-reims.fr\/lp-val-more\/-wp-\/wp-json\/wp\/v2\/pages"}],"about":[{"href":"https:\/\/sitetab3.ac-reims.fr\/lp-val-more\/-wp-\/wp-json\/wp\/v2\/types\/page"}],"author":[{"embeddable":true,"href":"https:\/\/sitetab3.ac-reims.fr\/lp-val-more\/-wp-\/wp-json\/wp\/v2\/users\/1"}],"replies":[{"embeddable":true,"href":"https:\/\/sitetab3.ac-reims.fr\/lp-val-more\/-wp-\/wp-json\/wp\/v2\/comments?post=4"}],"version-history":[{"count":25,"href":"https:\/\/sitetab3.ac-reims.fr\/lp-val-more\/-wp-\/wp-json\/wp\/v2\/pages\/4\/revisions"}],"predecessor-version":[{"id":1874,"href":"https:\/\/sitetab3.ac-reims.fr\/lp-val-more\/-wp-\/wp-json\/wp\/v2\/pages\/4\/revisions\/1874"}],"wp:attachment":[{"href":"https:\/\/sitetab3.ac-reims.fr\/lp-val-more\/-wp-\/wp-json\/wp\/v2\/media?parent=4"}],"curies":[{"name":"wp","href":"https:\/\/api.w.org\/{rel}","templated":true}]}}