{"id":1129,"date":"2020-06-08T16:06:31","date_gmt":"2020-06-08T14:06:31","guid":{"rendered":"http:\/\/sitetab3.ac-reims.fr\/lyc-bayle\/-wp-\/?page_id=1129"},"modified":"2024-07-08T09:29:37","modified_gmt":"2024-07-08T07:29:37","slug":"accueil","status":"publish","type":"page","link":"https:\/\/sitetab3.ac-reims.fr\/lyc-bayle\/-wp-\/","title":{"rendered":"Accueil"},"content":{"rendered":"<p><a href=\"https:\/\/sitetab3.ac-reims.fr\/lyc-bayle\/-wp-\/erasmus\/\"><img loading=\"lazy\" decoding=\"async\" class=\"alignnone size-medium wp-image-1114\" src=\"http:\/\/sitetab3.ac-reims.fr\/lyc-bayle\/-wp-\/wp-content\/uploads\/ERASMUS\/logo-nuovo-erasmus-sito-300x35.gif\" alt=\"logo nuovo erasmus sito\" width=\"300\" height=\"35\"><\/a><br \/>\n<a href=\"https:\/\/sitetab3.ac-reims.fr\/lyc-bayle\/-wp-\/bourses-mobilite-erasmus\/\"><img loading=\"lazy\" decoding=\"async\" class=\"alignnone size-medium wp-image-1115\" src=\"http:\/\/sitetab3.ac-reims.fr\/lyc-bayle\/-wp-\/wp-content\/uploads\/international\/bourserasmus-300x10.gif\" alt=\"bourserasmus\" width=\"300\" height=\"10\"><\/a><\/p>\n<table style=\"height: 28px;\" width=\"293\">\n<tbody>\n<tr>\n<td><img loading=\"lazy\" decoding=\"async\" class=\"size-full wp-image-1116\" src=\"http:\/\/sitetab3.ac-reims.fr\/lyc-bayle\/-wp-\/wp-content\/uploads\/accueil_sites\/bleu\/actualites.png\" alt=\"actualit\u00e9s\" width=\"95\" height=\"42\"><\/td>\n<td>&nbsp;<\/td>\n<td>&nbsp;<\/td>\n<td>&nbsp;<\/td>\n<\/tr>\n<\/tbody>\n<\/table>\n<style><\/style><div class=\"wplp_outside wplp_widget_1691\" style=\"max-width:100%;\"><span class=\"wpcu_block_title\"><\/span><div id=\"wplp_widget_1691\" class=\"wplp_widget_default wplp_container vertical swiper wplp-swiper default cols3\" data-theme=\"default\" data-post=\"1691\" style=\"\" data-max-elts=\"9\" data-per-page=\"10\"><div class=\"wplp_listposts swiper-wrapper\" id=\"default_1691\" style=\"width: 100%;\" ><div class=\"swiper-slide\" style=\"\"><div class=\"insideframe\"><div id=\"wplp_box_top_1691_5085\" class=\"wpcu-front-box top equalHeightImg\" ><div class=\"wplp-box-item\"><a href=\"https:\/\/sitetab3.ac-reims.fr\/lyc-bayle\/-wp-\/nicolas-glimois-journaliste-specialiste-de-trump\/\"  class=\"thumbnail\"><span class=\"img_cropper\" style=\"margin-right:4px;margin-bottom:4px;max-width:100%;\"><img decoding=\"async\" src=\"https:\/\/sitetab3.ac-reims.fr\/lyc-bayle\/-wp-\/wp-content\/uploads\/image-glimois.png\" style=\"aspect-ratio:4\/3;\" srcset=\"https:\/\/sitetab3.ac-reims.fr\/lyc-bayle\/-wp-\/wp-content\/uploads\/image-glimois.png 1195w, https:\/\/sitetab3.ac-reims.fr\/lyc-bayle\/-wp-\/wp-content\/uploads\/image-glimois-300x225.png 300w, https:\/\/sitetab3.ac-reims.fr\/lyc-bayle\/-wp-\/wp-content\/uploads\/image-glimois-1024x768.png 1024w, https:\/\/sitetab3.ac-reims.fr\/lyc-bayle\/-wp-\/wp-content\/uploads\/image-glimois-768x576.png 768w\" alt=\"Nicolas Glimois, journaliste sp\u00e9cialiste de Trump\" class=\"wplp_thumb\" \/><\/span><\/a><a href=\"https:\/\/sitetab3.ac-reims.fr\/lyc-bayle\/-wp-\/nicolas-glimois-journaliste-specialiste-de-trump\/\"  class=\"title\">Nicolas Glimois, journaliste sp\u00e9cialiste de Trump<\/a><\/div><\/div><div id=\"wplp_box_left_1691_5085\" class=\"wpcu-front-box left wpcu-custom-position\" ><div class=\"wplp-box-item\"><\/div><\/div><div id=\"wplp_box_right_1691_5085\" class=\"wpcu-front-box right wpcu-custom-position\" ><div class=\"wplp-box-item\"><\/div><\/div><div id=\"wplp_box_bottom_1691_5085\" class=\"wpcu-front-box bottom \" ><div class=\"wplp-box-item\"><span class=\"date\">9 avril 2026<\/span><span class=\"category\">actualit\u00e9s<\/span><span class=\"text\"><span style=\"max-height:2.8em\" class=\"line_limit\">Dans le cadre de l&rsquo;accueil des journalistes du prix Albert Londres, nous avons eu le plaisir de recevoir Nicolas Glimois au lyc\u00e9e Pierre Bayle le vendredi 3 avril a 14h.\u00a0 Dans un premier temps, Nicolas nous a pr\u00e9sent\u00e9 son parcours plut\u00f4t atypique. En effet, il a d&rsquo;abord travaill\u00e9 dans l&rsquo;industrie p\u00e9troli\u00e8re avant de se tourner [&hellip;]<\/span><span style=\"margin-left:3px; max-height:2.8em\" class=\"line_limit\"> [...]<\/span><\/span><span class=\"custom_fields\">\n<!-- WPLP Unknown field: Custom_Fields -->\n<\/span><\/div><\/div><\/div><\/div><div class=\"swiper-slide\" style=\"\"><div class=\"insideframe\"><div id=\"wplp_box_top_1691_5078\" class=\"wpcu-front-box top equalHeightImg\" ><div class=\"wplp-box-item\"><a href=\"https:\/\/sitetab3.ac-reims.fr\/lyc-bayle\/-wp-\/stage-de-theatre\/\"  class=\"thumbnail\"><span class=\"img_cropper\" style=\"margin-right:4px;margin-bottom:4px;max-width:100%;\"><img decoding=\"async\" src=\"https:\/\/sitetab3.ac-reims.fr\/lyc-bayle\/-wp-\/wp-content\/uploads\/Gemini_Generated_Image_x8bu7kx8bu7kx8bu.png\" style=\"aspect-ratio:4\/3;\" srcset=\"https:\/\/sitetab3.ac-reims.fr\/lyc-bayle\/-wp-\/wp-content\/uploads\/Gemini_Generated_Image_x8bu7kx8bu7kx8bu.png 1528w, https:\/\/sitetab3.ac-reims.fr\/lyc-bayle\/-wp-\/wp-content\/uploads\/Gemini_Generated_Image_x8bu7kx8bu7kx8bu-300x135.png 300w, https:\/\/sitetab3.ac-reims.fr\/lyc-bayle\/-wp-\/wp-content\/uploads\/Gemini_Generated_Image_x8bu7kx8bu7kx8bu-1024x461.png 1024w, https:\/\/sitetab3.ac-reims.fr\/lyc-bayle\/-wp-\/wp-content\/uploads\/Gemini_Generated_Image_x8bu7kx8bu7kx8bu-768x346.png 768w\" alt=\"Stage de th\u00e9\u00e2tre\" class=\"wplp_thumb\" \/><\/span><\/a><a href=\"https:\/\/sitetab3.ac-reims.fr\/lyc-bayle\/-wp-\/stage-de-theatre\/\"  class=\"title\">Stage de th\u00e9\u00e2tre<\/a><\/div><\/div><div id=\"wplp_box_left_1691_5078\" class=\"wpcu-front-box left wpcu-custom-position\" ><div class=\"wplp-box-item\"><\/div><\/div><div id=\"wplp_box_right_1691_5078\" class=\"wpcu-front-box right wpcu-custom-position\" ><div class=\"wplp-box-item\"><\/div><\/div><div id=\"wplp_box_bottom_1691_5078\" class=\"wpcu-front-box bottom \" ><div class=\"wplp-box-item\"><span class=\"date\">31 mars 2026<\/span><span class=\"category\">actualit\u00e9s<\/span><span class=\"text\"><span style=\"max-height:2.8em\" class=\"line_limit\">Les \u00e9l\u00e8ves de 1T3 ont pu b\u00e9n\u00e9ficier d&rsquo;un atelier de 8H avec deux com\u00e9diens dans le cadre d&rsquo;un projet f\u00e9d\u00e9rateur avec La Com\u00e9die de Reims. Les exercices se sont encha\u00een\u00e9s avec beaucoup d&rsquo;enthousiasme et une belle progression sur les deux jours r\u00e9v\u00e9lant la sensibilit\u00e9 et le pouvoir de la voix chez certains qui pouvaient douter [&hellip;]<\/span><span style=\"margin-left:3px; max-height:2.8em\" class=\"line_limit\"> [...]<\/span><\/span><span class=\"custom_fields\">\n<!-- WPLP Unknown field: Custom_Fields -->\n<\/span><\/div><\/div><\/div><\/div><div class=\"swiper-slide\" style=\"\"><div class=\"insideframe\"><div id=\"wplp_box_top_1691_5075\" class=\"wpcu-front-box top equalHeightImg\" ><div class=\"wplp-box-item\"><a href=\"https:\/\/sitetab3.ac-reims.fr\/lyc-bayle\/-wp-\/rencontre-avec-alfred-de-montesquiou\/\"  class=\"thumbnail\"><span class=\"img_cropper\" style=\"margin-right:4px;margin-bottom:4px;max-width:100%;\"><img decoding=\"async\" src=\"https:\/\/sitetab3.ac-reims.fr\/lyc-bayle\/-wp-\/wp-content\/uploads\/Design-sans-titre-1.jpg\" style=\"aspect-ratio:4\/3;\" srcset=\"https:\/\/sitetab3.ac-reims.fr\/lyc-bayle\/-wp-\/wp-content\/uploads\/Design-sans-titre-1.jpg 2000w, https:\/\/sitetab3.ac-reims.fr\/lyc-bayle\/-wp-\/wp-content\/uploads\/Design-sans-titre-1-300x240.jpg 300w, https:\/\/sitetab3.ac-reims.fr\/lyc-bayle\/-wp-\/wp-content\/uploads\/Design-sans-titre-1-1024x819.jpg 1024w, https:\/\/sitetab3.ac-reims.fr\/lyc-bayle\/-wp-\/wp-content\/uploads\/Design-sans-titre-1-768x614.jpg 768w, https:\/\/sitetab3.ac-reims.fr\/lyc-bayle\/-wp-\/wp-content\/uploads\/Design-sans-titre-1-1536x1229.jpg 1536w\" alt=\"Rencontre avec Alfred de Montesquiou\" class=\"wplp_thumb\" \/><\/span><\/a><a href=\"https:\/\/sitetab3.ac-reims.fr\/lyc-bayle\/-wp-\/rencontre-avec-alfred-de-montesquiou\/\"  class=\"title\">Rencontre avec Alfred de Montesquiou<\/a><\/div><\/div><div id=\"wplp_box_left_1691_5075\" class=\"wpcu-front-box left wpcu-custom-position\" ><div class=\"wplp-box-item\"><\/div><\/div><div id=\"wplp_box_right_1691_5075\" class=\"wpcu-front-box right wpcu-custom-position\" ><div class=\"wplp-box-item\"><\/div><\/div><div id=\"wplp_box_bottom_1691_5075\" class=\"wpcu-front-box bottom \" ><div class=\"wplp-box-item\"><span class=\"date\">31 mars 2026<\/span><span class=\"category\">actualit\u00e9s<\/span><span class=\"text\"><span style=\"max-height:2.8em\" class=\"line_limit\">L&rsquo;aventure avec les journalistes du Prix Albert Londres se poursuit! Lundi, les Terminales HLP ont pu poser leurs questions \u00e0 Alfred de Montesquiou. Victime de son succ\u00e8s depuis l&rsquo;obtention du Prix Renaudot essai pour\u00a0Le cr\u00e9puscule des hommes, il n&rsquo;a pas pu venir jusqu&rsquo;\u00e0 nous mais il nous a consacr\u00e9 presque 2H r\u00e9pondant aux questions sur [&hellip;]<\/span><span style=\"margin-left:3px; max-height:2.8em\" class=\"line_limit\"> [...]<\/span><\/span><span class=\"custom_fields\">\n<!-- WPLP Unknown field: Custom_Fields -->\n<\/span><\/div><\/div><\/div><\/div><div class=\"swiper-slide\" style=\"\"><div class=\"insideframe\"><div id=\"wplp_box_top_1691_5071\" class=\"wpcu-front-box top equalHeightImg\" ><div class=\"wplp-box-item\"><a href=\"https:\/\/sitetab3.ac-reims.fr\/lyc-bayle\/-wp-\/echange-avec-les-eleves-deisenach\/\"  class=\"thumbnail\"><span class=\"img_cropper\" style=\"margin-right:4px;margin-bottom:4px;max-width:100%;\"><img decoding=\"async\" src=\"https:\/\/sitetab3.ac-reims.fr\/lyc-bayle\/-wp-\/wp-content\/uploads\/echange-eisenach1.jpg\" style=\"aspect-ratio:4\/3;\" srcset=\"https:\/\/sitetab3.ac-reims.fr\/lyc-bayle\/-wp-\/wp-content\/uploads\/echange-eisenach1.jpg 608w, https:\/\/sitetab3.ac-reims.fr\/lyc-bayle\/-wp-\/wp-content\/uploads\/echange-eisenach1-300x189.jpg 300w\" alt=\"Echange avec les \u00e9l\u00e8ves d&rsquo;Eisenach\" class=\"wplp_thumb\" \/><\/span><\/a><a href=\"https:\/\/sitetab3.ac-reims.fr\/lyc-bayle\/-wp-\/echange-avec-les-eleves-deisenach\/\"  class=\"title\">Echange avec les \u00e9l\u00e8ves d&rsquo;Eisenach<\/a><\/div><\/div><div id=\"wplp_box_left_1691_5071\" class=\"wpcu-front-box left wpcu-custom-position\" ><div class=\"wplp-box-item\"><\/div><\/div><div id=\"wplp_box_right_1691_5071\" class=\"wpcu-front-box right wpcu-custom-position\" ><div class=\"wplp-box-item\"><\/div><\/div><div id=\"wplp_box_bottom_1691_5071\" class=\"wpcu-front-box bottom \" ><div class=\"wplp-box-item\"><span class=\"date\">31 mars 2026<\/span><span class=\"category\">actualit\u00e9s<\/span><span class=\"text\"><span style=\"max-height:2.8em\" class=\"line_limit\">Du lundi 23 au jeudi 26 mars, 20 \u00e9l\u00e8ves allemands du Elisabeth Gymnasium d&rsquo;Eisenach \u00e9taient pr\u00e9sents au lyc\u00e9e, et 10 de leurs camarades \u00e9taient au coll\u00e8ge Le Lac. Certains logeaient chez leur correspondants fran\u00e7ais, d&rsquo;autres \u00e0 l&rsquo;internat avec leurs professeurs. Au programme: d\u00e9couverte des cours fran\u00e7ais, rallye dans le centre ancien de Sedan, visite du [&hellip;]<\/span><span style=\"margin-left:3px; max-height:2.8em\" class=\"line_limit\"> [...]<\/span><\/span><span class=\"custom_fields\">\n<!-- WPLP Unknown field: Custom_Fields -->\n<\/span><\/div><\/div><\/div><\/div><div class=\"swiper-slide\" style=\"\"><div class=\"insideframe\"><div id=\"wplp_box_top_1691_5066\" class=\"wpcu-front-box top equalHeightImg\" ><div class=\"wplp-box-item\"><a href=\"https:\/\/sitetab3.ac-reims.fr\/lyc-bayle\/-wp-\/finale-du-concours-deloquence-du-rotary-club\/\"  class=\"thumbnail\"><span class=\"img_cropper\" style=\"margin-right:4px;margin-bottom:4px;max-width:100%;\"><img decoding=\"async\" src=\"https:\/\/sitetab3.ac-reims.fr\/lyc-bayle\/-wp-\/wp-content\/uploads\/Gemini_Generated_Image_ulg7b3ulg7b3ulg7.png\" style=\"aspect-ratio:4\/3;\" srcset=\"https:\/\/sitetab3.ac-reims.fr\/lyc-bayle\/-wp-\/wp-content\/uploads\/Gemini_Generated_Image_ulg7b3ulg7b3ulg7.png 688w, https:\/\/sitetab3.ac-reims.fr\/lyc-bayle\/-wp-\/wp-content\/uploads\/Gemini_Generated_Image_ulg7b3ulg7b3ulg7-135x300.png 135w, https:\/\/sitetab3.ac-reims.fr\/lyc-bayle\/-wp-\/wp-content\/uploads\/Gemini_Generated_Image_ulg7b3ulg7b3ulg7-461x1024.png 461w\" alt=\"Finale du concours d&rsquo;\u00e9loquence du Rotary Club\" class=\"wplp_thumb\" \/><\/span><\/a><a href=\"https:\/\/sitetab3.ac-reims.fr\/lyc-bayle\/-wp-\/finale-du-concours-deloquence-du-rotary-club\/\"  class=\"title\">Finale du concours d&rsquo;\u00e9loquence du Rotary Club<\/a><\/div><\/div><div id=\"wplp_box_left_1691_5066\" class=\"wpcu-front-box left wpcu-custom-position\" ><div class=\"wplp-box-item\"><\/div><\/div><div id=\"wplp_box_right_1691_5066\" class=\"wpcu-front-box right wpcu-custom-position\" ><div class=\"wplp-box-item\"><\/div><\/div><div id=\"wplp_box_bottom_1691_5066\" class=\"wpcu-front-box bottom \" ><div class=\"wplp-box-item\"><span class=\"date\">30 mars 2026<\/span><span class=\"category\">actualit\u00e9s<\/span><span class=\"text\"><span style=\"max-height:2.8em\" class=\"line_limit\">C&rsquo;est d\u00e8s potron -minet ce samedi 28 mars que Tha\u00efs Decrue, \u00e9l\u00e8ve de 1\u00e8re g\u00e9n\u00e9rale du lyc\u00e9e Pierre Bayle, s&rsquo;est rendue \u00e0 Charleville pour la demi-finale du concours d&rsquo;\u00e9loquence organis\u00e9 par le Rotary Club. Un seul passage pour convaincre le jury et trente minutes pour pr\u00e9parer un sujet impos\u00e9 ! Un vrai d\u00e9fi que 9 [&hellip;]<\/span><span style=\"margin-left:3px; max-height:2.8em\" class=\"line_limit\"> [...]<\/span><\/span><span class=\"custom_fields\">\n<!-- WPLP Unknown field: Custom_Fields -->\n<\/span><\/div><\/div><\/div><\/div><div class=\"swiper-slide\" style=\"\"><div class=\"insideframe\"><div id=\"wplp_box_top_1691_5062\" class=\"wpcu-front-box top equalHeightImg\" ><div class=\"wplp-box-item\"><a href=\"https:\/\/sitetab3.ac-reims.fr\/lyc-bayle\/-wp-\/rencontre-avec-chloe-thibaud\/\"  class=\"thumbnail\"><span class=\"img_cropper\" style=\"margin-right:4px;margin-bottom:4px;max-width:100%;\"><img decoding=\"async\" src=\"https:\/\/sitetab3.ac-reims.fr\/lyc-bayle\/-wp-\/wp-content\/uploads\/IMG_20260323_163756.jpg\" style=\"aspect-ratio:4\/3;\" srcset=\"https:\/\/sitetab3.ac-reims.fr\/lyc-bayle\/-wp-\/wp-content\/uploads\/IMG_20260323_163756.jpg 1266w, https:\/\/sitetab3.ac-reims.fr\/lyc-bayle\/-wp-\/wp-content\/uploads\/IMG_20260323_163756-300x226.jpg 300w, https:\/\/sitetab3.ac-reims.fr\/lyc-bayle\/-wp-\/wp-content\/uploads\/IMG_20260323_163756-1024x771.jpg 1024w, https:\/\/sitetab3.ac-reims.fr\/lyc-bayle\/-wp-\/wp-content\/uploads\/IMG_20260323_163756-768x578.jpg 768w\" alt=\"Rencontre avec Chlo\u00e9 Thibaud\" class=\"wplp_thumb\" \/><\/span><\/a><a href=\"https:\/\/sitetab3.ac-reims.fr\/lyc-bayle\/-wp-\/rencontre-avec-chloe-thibaud\/\"  class=\"title\">Rencontre avec Chlo\u00e9 Thibaud<\/a><\/div><\/div><div id=\"wplp_box_left_1691_5062\" class=\"wpcu-front-box left wpcu-custom-position\" ><div class=\"wplp-box-item\"><\/div><\/div><div id=\"wplp_box_right_1691_5062\" class=\"wpcu-front-box right wpcu-custom-position\" ><div class=\"wplp-box-item\"><\/div><\/div><div id=\"wplp_box_bottom_1691_5062\" class=\"wpcu-front-box bottom \" ><div class=\"wplp-box-item\"><span class=\"date\">30 mars 2026<\/span><span class=\"category\">actualit\u00e9s<\/span><span class=\"text\"><span style=\"max-height:2.8em\" class=\"line_limit\">Dans le cadre de la Semaine de la Presse, les \u00e9l\u00e8ves de la Seconde 2, de la sp\u00e9cialit\u00e9 HLP et du collectif Nouvelle Femme ont eu la chance d&rsquo;accueillir la journaliste Chlo\u00e9 Thibaud. Pendant une heure riche en \u00e9changes, elle a partag\u00e9 son expertise sur les rouages de l&rsquo;information et les coulisses de son m\u00e9tier. [&hellip;]<\/span><span style=\"margin-left:3px; max-height:2.8em\" class=\"line_limit\"> [...]<\/span><\/span><span class=\"custom_fields\">\n<!-- WPLP Unknown field: Custom_Fields -->\n<\/span><\/div><\/div><\/div><\/div><div class=\"swiper-slide\" style=\"\"><div class=\"insideframe\"><div id=\"wplp_box_top_1691_5052\" class=\"wpcu-front-box top equalHeightImg\" ><div class=\"wplp-box-item\"><a href=\"https:\/\/sitetab3.ac-reims.fr\/lyc-bayle\/-wp-\/villy-la-ferte\/\"  class=\"thumbnail\"><span class=\"img_cropper\" style=\"margin-right:4px;margin-bottom:4px;max-width:100%;\"><img decoding=\"async\" src=\"https:\/\/sitetab3.ac-reims.fr\/lyc-bayle\/-wp-\/wp-content\/uploads\/image.png\" style=\"aspect-ratio:4\/3;\" srcset=\"https:\/\/sitetab3.ac-reims.fr\/lyc-bayle\/-wp-\/wp-content\/uploads\/image.png 768w, https:\/\/sitetab3.ac-reims.fr\/lyc-bayle\/-wp-\/wp-content\/uploads\/image-225x300.png 225w\" alt=\"Visite du fort de Villy-La-Fert\u00e9\" class=\"wplp_thumb\" \/><\/span><\/a><a href=\"https:\/\/sitetab3.ac-reims.fr\/lyc-bayle\/-wp-\/villy-la-ferte\/\"  class=\"title\">Visite du fort de Villy-La-Fert\u00e9<\/a><\/div><\/div><div id=\"wplp_box_left_1691_5052\" class=\"wpcu-front-box left wpcu-custom-position\" ><div class=\"wplp-box-item\"><\/div><\/div><div id=\"wplp_box_right_1691_5052\" class=\"wpcu-front-box right wpcu-custom-position\" ><div class=\"wplp-box-item\"><\/div><\/div><div id=\"wplp_box_bottom_1691_5052\" class=\"wpcu-front-box bottom \" ><div class=\"wplp-box-item\"><span class=\"date\">30 mars 2026<\/span><span class=\"category\">actualit\u00e9s<\/span><span class=\"text\"><span style=\"max-height:2.8em\" class=\"line_limit\">Ce vendredi 27 mars, c&rsquo;est sous un soleil radieux que les \u00e9l\u00e8ves de TG2 et de Terminales euro ont pu profiter d&rsquo;une visite propos\u00e9e par l&rsquo;association du comit\u00e9 du souvenir en langues fran\u00e7aise et anglaise. Comme d&rsquo;habitude les propos tr\u00e8s clairs et r\u00e8s complets de nos deux guides ont mis en lumi\u00e8re l&rsquo;\u00e9pisode dramatique qui [&hellip;]<\/span><span style=\"margin-left:3px; max-height:2.8em\" class=\"line_limit\"> [...]<\/span><\/span><span class=\"custom_fields\">\n<!-- WPLP Unknown field: Custom_Fields -->\n<\/span><\/div><\/div><\/div><\/div><div class=\"swiper-slide\" style=\"\"><div class=\"insideframe\"><div id=\"wplp_box_top_1691_5002\" class=\"wpcu-front-box top equalHeightImg\" ><div class=\"wplp-box-item\"><a href=\"https:\/\/sitetab3.ac-reims.fr\/lyc-bayle\/-wp-\/visioconference-avec-le-journaliste-reporter-dimages-alex-gohari-depuis-mexico\/\"  class=\"thumbnail\"><span class=\"img_cropper\" style=\"margin-right:4px;margin-bottom:4px;max-width:100%;\"><img decoding=\"async\" src=\"https:\/\/sitetab3.ac-reims.fr\/lyc-bayle\/-wp-\/wp-content\/uploads\/Gemini_Generated_Image_j0oy8cj0oy8cj0oy.png\" style=\"aspect-ratio:4\/3;\" srcset=\"https:\/\/sitetab3.ac-reims.fr\/lyc-bayle\/-wp-\/wp-content\/uploads\/Gemini_Generated_Image_j0oy8cj0oy8cj0oy.png 1024w, https:\/\/sitetab3.ac-reims.fr\/lyc-bayle\/-wp-\/wp-content\/uploads\/Gemini_Generated_Image_j0oy8cj0oy8cj0oy-300x300.png 300w, https:\/\/sitetab3.ac-reims.fr\/lyc-bayle\/-wp-\/wp-content\/uploads\/Gemini_Generated_Image_j0oy8cj0oy8cj0oy-150x150.png 150w, https:\/\/sitetab3.ac-reims.fr\/lyc-bayle\/-wp-\/wp-content\/uploads\/Gemini_Generated_Image_j0oy8cj0oy8cj0oy-768x768.png 768w\" alt=\"Visioconf\u00e9rence avec le journaliste reporter d\u2019images Alex Gohari depuis M\u00e9xico\" class=\"wplp_thumb\" \/><\/span><\/a><a href=\"https:\/\/sitetab3.ac-reims.fr\/lyc-bayle\/-wp-\/visioconference-avec-le-journaliste-reporter-dimages-alex-gohari-depuis-mexico\/\"  class=\"title\">Visioconf\u00e9rence avec le journaliste reporter d\u2019images Alex Gohari depuis M\u00e9xico<\/a><\/div><\/div><div id=\"wplp_box_left_1691_5002\" class=\"wpcu-front-box left wpcu-custom-position\" ><div class=\"wplp-box-item\"><\/div><\/div><div id=\"wplp_box_right_1691_5002\" class=\"wpcu-front-box right wpcu-custom-position\" ><div class=\"wplp-box-item\"><\/div><\/div><div id=\"wplp_box_bottom_1691_5002\" class=\"wpcu-front-box bottom \" ><div class=\"wplp-box-item\"><span class=\"date\">23 mars 2026<\/span><span class=\"category\">actualit\u00e9s<\/span><span class=\"text\"><span style=\"max-height:2.8em\" class=\"line_limit\">Le lundi 16 mars, de 14h \u00e0 16h, les \u00e9l\u00e8ves de Terminale des groupes d\u2019Espagnol LVB et LVC ont eu l\u2019opportunit\u00e9 d\u2019\u00e9changer en visioconf\u00e9rence avec le journaliste reporter d\u2019images Alex Gohari, depuis sa r\u00e9sidence \u00e0 M\u00e9xico. Alex Gohari a travaill\u00e9 pour France T\u00e9l\u00e9visions et a couvert des \u00e9v\u00e9nements majeurs de l\u2019actualit\u00e9 internationale. Laur\u00e9at du Prix [&hellip;]<\/span><span style=\"margin-left:3px; max-height:2.8em\" class=\"line_limit\"> [...]<\/span><\/span><span class=\"custom_fields\">\n<!-- WPLP Unknown field: Custom_Fields -->\n<\/span><\/div><\/div><\/div><\/div><div class=\"swiper-slide\" style=\"\"><div class=\"insideframe\"><div id=\"wplp_box_top_1691_4992\" class=\"wpcu-front-box top equalHeightImg\" ><div class=\"wplp-box-item\"><a href=\"https:\/\/sitetab3.ac-reims.fr\/lyc-bayle\/-wp-\/concours-deloquence-du-lions-club-de-charleville-mezieres\/\"  class=\"thumbnail\"><span class=\"img_cropper\" style=\"margin-right:4px;margin-bottom:4px;max-width:100%;\"><img decoding=\"async\" src=\"https:\/\/sitetab3.ac-reims.fr\/lyc-bayle\/-wp-\/wp-content\/uploads\/Gemini_Generated_Image_5pyei25pyei25pye.png\" style=\"aspect-ratio:4\/3;\" srcset=\"https:\/\/sitetab3.ac-reims.fr\/lyc-bayle\/-wp-\/wp-content\/uploads\/Gemini_Generated_Image_5pyei25pyei25pye.png 864w, https:\/\/sitetab3.ac-reims.fr\/lyc-bayle\/-wp-\/wp-content\/uploads\/Gemini_Generated_Image_5pyei25pyei25pye-210x300.png 210w, https:\/\/sitetab3.ac-reims.fr\/lyc-bayle\/-wp-\/wp-content\/uploads\/Gemini_Generated_Image_5pyei25pyei25pye-718x1024.png 718w, https:\/\/sitetab3.ac-reims.fr\/lyc-bayle\/-wp-\/wp-content\/uploads\/Gemini_Generated_Image_5pyei25pyei25pye-768x1095.png 768w\" alt=\"Concours d&rsquo;\u00e9loquence du lions Club de Charleville-M\u00e9zi\u00e8res\" class=\"wplp_thumb\" \/><\/span><\/a><a href=\"https:\/\/sitetab3.ac-reims.fr\/lyc-bayle\/-wp-\/concours-deloquence-du-lions-club-de-charleville-mezieres\/\"  class=\"title\">Concours d&rsquo;\u00e9loquence du lions Club de Charleville-M\u00e9zi\u00e8res<\/a><\/div><\/div><div id=\"wplp_box_left_1691_4992\" class=\"wpcu-front-box left wpcu-custom-position\" ><div class=\"wplp-box-item\"><\/div><\/div><div id=\"wplp_box_right_1691_4992\" class=\"wpcu-front-box right wpcu-custom-position\" ><div class=\"wplp-box-item\"><\/div><\/div><div id=\"wplp_box_bottom_1691_4992\" class=\"wpcu-front-box bottom \" ><div class=\"wplp-box-item\"><span class=\"date\">5 mars 2026<\/span><span class=\"category\">actualit\u00e9s<\/span><span class=\"text\"><span style=\"max-height:2.8em\" class=\"line_limit\">Ce mercredi 4 mars avait lieu \u00e0 Charleville le concours d&rsquo;\u00e9loquence organis\u00e9 par le Lions Club. Nos trois candidates: Emma Guelasse, Cassandre Mervaille et Elynn Tuney ont brillamment repr\u00e9sent\u00e9 le Lyc\u00e9e. C&rsquo;est une candidate de Charleville qui a remport\u00e9 la premi\u00e8re place apr\u00e8s des d\u00e9lib\u00e9rations difficiles et un r\u00e9sultat tr\u00e8s serr\u00e9 pour classer les candidates. [&hellip;]<\/span><span style=\"margin-left:3px; max-height:2.8em\" class=\"line_limit\"> [...]<\/span><\/span><span class=\"custom_fields\">\n<!-- WPLP Unknown field: Custom_Fields -->\n<\/span><\/div><\/div><\/div><\/div><\/div><div class=\"swiper-button-next\"><\/div><div class=\"swiper-button-prev\"><\/div><div class=\"swiper-pagination\"><\/div><\/div><\/div>\n","protected":false},"excerpt":{"rendered":"<p>&nbsp; &nbsp; &nbsp;<\/p>\n","protected":false},"author":1,"featured_media":0,"parent":0,"menu_order":0,"comment_status":"closed","ping_status":"closed","template":"","meta":{"ngg_post_thumbnail":0,"footnotes":""},"_links":{"self":[{"href":"https:\/\/sitetab3.ac-reims.fr\/lyc-bayle\/-wp-\/wp-json\/wp\/v2\/pages\/1129"}],"collection":[{"href":"https:\/\/sitetab3.ac-reims.fr\/lyc-bayle\/-wp-\/wp-json\/wp\/v2\/pages"}],"about":[{"href":"https:\/\/sitetab3.ac-reims.fr\/lyc-bayle\/-wp-\/wp-json\/wp\/v2\/types\/page"}],"author":[{"embeddable":true,"href":"https:\/\/sitetab3.ac-reims.fr\/lyc-bayle\/-wp-\/wp-json\/wp\/v2\/users\/1"}],"replies":[{"embeddable":true,"href":"https:\/\/sitetab3.ac-reims.fr\/lyc-bayle\/-wp-\/wp-json\/wp\/v2\/comments?post=1129"}],"version-history":[{"count":22,"href":"https:\/\/sitetab3.ac-reims.fr\/lyc-bayle\/-wp-\/wp-json\/wp\/v2\/pages\/1129\/revisions"}],"predecessor-version":[{"id":4421,"href":"https:\/\/sitetab3.ac-reims.fr\/lyc-bayle\/-wp-\/wp-json\/wp\/v2\/pages\/1129\/revisions\/4421"}],"wp:attachment":[{"href":"https:\/\/sitetab3.ac-reims.fr\/lyc-bayle\/-wp-\/wp-json\/wp\/v2\/media?parent=1129"}],"curies":[{"name":"wp","href":"https:\/\/api.w.org\/{rel}","templated":true}]}}